{"id":1101,"date":"2023-07-06T21:27:36","date_gmt":"2023-07-07T03:27:36","guid":{"rendered":"https:\/\/grupomaspaq.com\/blog\/?page_id=1101"},"modified":"2023-07-06T21:41:58","modified_gmt":"2023-07-07T03:41:58","slug":"actualizacion-de-hardware","status":"publish","type":"page","link":"https:\/\/grupomaspaq.com\/blog\/actualizacion-de-hardware\/","title":{"rendered":"Actualizaci\u00f3n de Hardware."},"content":{"rendered":"\t\t<div data-elementor-type=\"wp-page\" data-elementor-id=\"1101\" class=\"elementor elementor-1101\">\n\t\t\t\t\t\t<section class=\"elementor-section elementor-top-section elementor-element elementor-element-63e07c9 elementor-section-boxed elementor-section-height-default elementor-section-height-default\" data-id=\"63e07c9\" data-element_type=\"section\">\n\t\t\t\t\t\t<div class=\"elementor-container elementor-column-gap-default\">\n\t\t\t\t\t<div class=\"elementor-column elementor-col-100 elementor-top-column elementor-element elementor-element-dfe1bb1\" data-id=\"dfe1bb1\" data-element_type=\"column\">\n\t\t\t<div class=\"elementor-widget-wrap elementor-element-populated\">\n\t\t\t\t\t\t<div class=\"elementor-element elementor-element-51ae078 elementor-widget elementor-widget-heading\" data-id=\"51ae078\" data-element_type=\"widget\" data-settings=\"{&quot;ep_notation_active&quot;:&quot;yes&quot;,&quot;ep_notation_list&quot;:[{&quot;_id&quot;:&quot;6a40344&quot;,&quot;ep_notation_bracket_on&quot;:null,&quot;ep_notation_select_type&quot;:&quot;widget&quot;,&quot;ep_notation_custom_selector&quot;:null,&quot;ep_notation_type&quot;:&quot;underline&quot;,&quot;ep_notation_color&quot;:&quot;&quot;,&quot;ep_notation_anim_duration&quot;:{&quot;unit&quot;:&quot;px&quot;,&quot;size&quot;:800,&quot;sizes&quot;:[]},&quot;ep_notation_stroke_width&quot;:{&quot;unit&quot;:&quot;px&quot;,&quot;size&quot;:1,&quot;sizes&quot;:[]},&quot;ep_notation_waypoint_offset&quot;:&quot;&quot;}]}\" data-widget_type=\"heading.default\">\n\t\t\t\t\t<h2 class=\"elementor-heading-title elementor-size-default\"><span style=\"font-size:18.0pt;line-height:107%;font-family:Montserrat;color:black\">Actualizaci\u00f3n de Hardware<\/span><\/h2>\t\t\t\t<\/div>\n\t\t\t\t\t<\/div>\n\t\t<\/div>\n\t\t\t\t\t<\/div>\n\t\t<\/section>\n\t\t\t\t<section class=\"elementor-section elementor-top-section elementor-element elementor-element-e602ad1 elementor-section-boxed elementor-section-height-default elementor-section-height-default\" data-id=\"e602ad1\" data-element_type=\"section\">\n\t\t\t\t\t\t<div class=\"elementor-container elementor-column-gap-default\">\n\t\t\t\t\t<div class=\"elementor-column elementor-col-33 elementor-top-column elementor-element elementor-element-2ff825d\" data-id=\"2ff825d\" data-element_type=\"column\">\n\t\t\t<div class=\"elementor-widget-wrap elementor-element-populated\">\n\t\t\t\t\t\t<div class=\"elementor-element elementor-element-c8ee23a elementor-widget elementor-widget-image\" data-id=\"c8ee23a\" data-element_type=\"widget\" data-widget_type=\"image.default\">\n\t\t\t\t\t\t\t\t\t\t\t\t\t\t\t<img fetchpriority=\"high\" decoding=\"async\" width=\"640\" height=\"512\" src=\"https:\/\/grupomaspaq.com\/blog\/wp-content\/uploads\/2023\/07\/componentes-de-un-equipo-de-computo-1024x819.jpg\" class=\"attachment-large size-large wp-image-1102\" alt=\"\" srcset=\"https:\/\/grupomaspaq.com\/blog\/wp-content\/uploads\/2023\/07\/componentes-de-un-equipo-de-computo-1024x819.jpg 1024w, https:\/\/grupomaspaq.com\/blog\/wp-content\/uploads\/2023\/07\/componentes-de-un-equipo-de-computo-300x240.jpg 300w, https:\/\/grupomaspaq.com\/blog\/wp-content\/uploads\/2023\/07\/componentes-de-un-equipo-de-computo-768x614.jpg 768w, https:\/\/grupomaspaq.com\/blog\/wp-content\/uploads\/2023\/07\/componentes-de-un-equipo-de-computo.jpg 1280w\" sizes=\"(max-width: 640px) 100vw, 640px\" \/>\t\t\t\t\t\t\t\t\t\t\t\t\t\t\t<\/div>\n\t\t\t\t\t<\/div>\n\t\t<\/div>\n\t\t\t\t<div class=\"elementor-column elementor-col-66 elementor-top-column elementor-element elementor-element-527eb23\" data-id=\"527eb23\" data-element_type=\"column\">\n\t\t\t<div class=\"elementor-widget-wrap elementor-element-populated\">\n\t\t\t\t\t\t<div class=\"elementor-element elementor-element-4ba38d2 elementor-widget elementor-widget-text-editor\" data-id=\"4ba38d2\" data-element_type=\"widget\" data-widget_type=\"text-editor.default\">\n\t\t\t\t\t\t\t\t\t<p class=\"MsoNormal\" style=\"margin-bottom: 15pt; line-height: normal; background-image: initial; background-position: initial; background-size: initial; background-repeat: initial; background-attachment: initial; background-origin: initial; background-clip: initial; vertical-align: baseline;\"><span style=\"font-size: 10.0pt; font-family: Montserrat; mso-fareast-font-family: 'Times New Roman'; mso-bidi-font-family: 'Times New Roman'; color: #676767; mso-fareast-language: ES-MX;\">Muchas veces el cliente cuenta con\u00a0equipos que no soportan las tecnolog\u00edas hoy en d\u00eda y por cuestiones econ\u00f3micas\u00a0no se desea invertir en uno nuevo, por eso en Grupo MasPAQ te ofrecemos todo lo\u00a0necesario para poder actualizarlo y hacerlo m\u00e1s competitivo.<\/span><\/p><p class=\"MsoNormal\" style=\"margin-bottom: 15pt; line-height: normal; background-image: initial; background-position: initial; background-size: initial; background-repeat: initial; background-attachment: initial; background-origin: initial; background-clip: initial; vertical-align: baseline;\"><span style=\"font-size: 10.0pt; font-family: Montserrat; mso-fareast-font-family: 'Times New Roman'; mso-bidi-font-family: 'Times New Roman'; color: #676767; mso-fareast-language: ES-MX;\">En Grupo MasPAQ te asesoraremos a lo que se adapte a tus necesidades y presupuesto para poder actualizar su equipo a uno rentable y potente sin invertir tanto, por eso es compromiso de nosotros brindarte un servicio honesto y de calidad.<\/span><\/p><p>\u00a0<\/p><p class=\"MsoNormal\" style=\"margin-bottom: 15pt; line-height: normal; background-image: initial; background-position: initial; background-size: initial; background-repeat: initial; background-attachment: initial; background-origin: initial; background-clip: initial; vertical-align: baseline;\"><span style=\"font-size: 10.0pt; font-family: Montserrat; mso-fareast-font-family: 'Times New Roman'; mso-bidi-font-family: 'Times New Roman'; color: #676767; mso-fareast-language: ES-MX;\">Nos especializamos en equipos de alto rendimiento dise\u00f1ados especialmente para usuarios exigentes (Arquitectos, Ingenieros, etc.).<\/span><\/p>\t\t\t\t\t\t\t\t<\/div>\n\t\t\t\t\t<\/div>\n\t\t<\/div>\n\t\t\t\t\t<\/div>\n\t\t<\/section>\n\t\t\t\t<section class=\"elementor-section elementor-top-section elementor-element elementor-element-9965220 elementor-section-boxed elementor-section-height-default elementor-section-height-default\" data-id=\"9965220\" data-element_type=\"section\">\n\t\t\t\t\t\t<div class=\"elementor-container elementor-column-gap-default\">\n\t\t\t\t\t<div class=\"elementor-column elementor-col-33 elementor-top-column elementor-element elementor-element-50a2425\" data-id=\"50a2425\" data-element_type=\"column\">\n\t\t\t<div class=\"elementor-widget-wrap\">\n\t\t\t\t\t\t\t<\/div>\n\t\t<\/div>\n\t\t\t\t<div class=\"elementor-column elementor-col-33 elementor-top-column elementor-element elementor-element-888ef83\" data-id=\"888ef83\" data-element_type=\"column\">\n\t\t\t<div class=\"elementor-widget-wrap elementor-element-populated\">\n\t\t\t\t\t\t<div class=\"elementor-element elementor-element-e2982ba elementor-widget elementor-widget-image\" data-id=\"e2982ba\" data-element_type=\"widget\" data-widget_type=\"image.default\">\n\t\t\t\t\t\t\t\t\t\t\t\t\t\t\t<img decoding=\"async\" width=\"640\" height=\"480\" data-src=\"https:\/\/grupomaspaq.com\/blog\/wp-content\/uploads\/2023\/07\/Computadora-de-escritorio-partes.jpg\" class=\"attachment-large size-large wp-image-1037 lazyload\" alt=\"\" data-srcset=\"https:\/\/grupomaspaq.com\/blog\/wp-content\/uploads\/2023\/07\/Computadora-de-escritorio-partes.jpg 1024w, https:\/\/grupomaspaq.com\/blog\/wp-content\/uploads\/2023\/07\/Computadora-de-escritorio-partes-300x225.jpg 300w, https:\/\/grupomaspaq.com\/blog\/wp-content\/uploads\/2023\/07\/Computadora-de-escritorio-partes-768x576.jpg 768w\" data-sizes=\"(max-width: 640px) 100vw, 640px\" src=\"data:image\/gif;base64,R0lGODlhAQABAAAAACH5BAEKAAEALAAAAAABAAEAAAICTAEAOw==\" style=\"--smush-placeholder-width: 640px; --smush-placeholder-aspect-ratio: 640\/480;\" \/>\t\t\t\t\t\t\t\t\t\t\t\t\t\t\t<\/div>\n\t\t\t\t\t<\/div>\n\t\t<\/div>\n\t\t\t\t<div class=\"elementor-column elementor-col-33 elementor-top-column elementor-element elementor-element-7fe61ca\" data-id=\"7fe61ca\" data-element_type=\"column\">\n\t\t\t<div class=\"elementor-widget-wrap\">\n\t\t\t\t\t\t\t<\/div>\n\t\t<\/div>\n\t\t\t\t\t<\/div>\n\t\t<\/section>\n\t\t\t\t<\/div>\n\t\t<!-- AddThis Advanced Settings generic via filter on the_content --><!-- AddThis Share Buttons generic via filter on the_content -->","protected":false},"excerpt":{"rendered":"<p>Actualizaci\u00f3n de Hardware Muchas veces el cliente cuenta con\u00a0equipos que no soportan las tecnolog\u00edas hoy en d\u00eda y por cuestiones econ\u00f3micas\u00a0no se desea invertir en uno nuevo, por eso en Grupo MasPAQ te ofrecemos todo lo\u00a0necesario para poder actualizarlo y hacerlo m\u00e1s competitivo. En Grupo MasPAQ te asesoraremos a lo que se adapte a tus [&hellip;]<!-- AddThis Advanced Settings generic via filter on get_the_excerpt --><!-- AddThis Share Buttons generic via filter on get_the_excerpt --><\/p>\n","protected":false},"author":1,"featured_media":0,"parent":0,"menu_order":0,"comment_status":"closed","ping_status":"closed","template":"","meta":{"_bbp_topic_count":0,"_bbp_reply_count":0,"_bbp_total_topic_count":0,"_bbp_total_reply_count":0,"_bbp_voice_count":0,"_bbp_anonymous_reply_count":0,"_bbp_topic_count_hidden":0,"_bbp_reply_count_hidden":0,"_bbp_forum_subforum_count":0,"footnotes":""},"class_list":["post-1101","page","type-page","status-publish","hentry"],"yoast_head":"<!-- This site is optimized with the Yoast SEO plugin v24.5 - https:\/\/yoast.com\/wordpress\/plugins\/seo\/ -->\n<title>Actualizaci\u00f3n de Hardware. - Blog Grupo Maspaq<\/title>\n<meta name=\"description\" content=\"Actualizaci\u00f3n de Hardware Muchas veces el cliente cuenta con\u00a0equipos que no soportan las tecnolog\u00edas hoy en d\u00eda y por cuestiones econ\u00f3micas\u00a0no se desea\" \/>\n<meta name=\"robots\" content=\"index, follow, max-snippet:-1, max-image-preview:large, max-video-preview:-1\" \/>\n<link rel=\"canonical\" href=\"https:\/\/grupomaspaq.com\/blog\/actualizacion-de-hardware\/\" \/>\n<meta property=\"og:locale\" content=\"es_ES\" \/>\n<meta property=\"og:type\" content=\"article\" \/>\n<meta property=\"og:title\" content=\"Actualizaci\u00f3n de Hardware. - Blog Grupo Maspaq\" \/>\n<meta property=\"og:description\" content=\"Actualizaci\u00f3n de Hardware Muchas veces el cliente cuenta con\u00a0equipos que no soportan las tecnolog\u00edas hoy en d\u00eda y por cuestiones econ\u00f3micas\u00a0no se desea\" \/>\n<meta property=\"og:url\" content=\"https:\/\/grupomaspaq.com\/blog\/actualizacion-de-hardware\/\" \/>\n<meta property=\"og:site_name\" content=\"Tienda Oficial Grupo MasPAQ\" \/>\n<meta property=\"article:modified_time\" content=\"2023-07-07T03:41:58+00:00\" \/>\n<meta property=\"og:image\" content=\"https:\/\/grupomaspaq.com\/blog\/wp-content\/uploads\/2023\/07\/componentes-de-un-equipo-de-computo-1024x819.jpg\" \/>\n<meta name=\"twitter:card\" content=\"summary_large_image\" \/>\n<meta name=\"twitter:label1\" content=\"Tiempo de lectura\" \/>\n\t<meta name=\"twitter:data1\" content=\"1 minuto\" \/>\n<script type=\"application\/ld+json\" class=\"yoast-schema-graph\">{\"@context\":\"https:\/\/schema.org\",\"@graph\":[{\"@type\":\"WebPage\",\"@id\":\"https:\/\/grupomaspaq.com\/blog\/actualizacion-de-hardware\/\",\"url\":\"https:\/\/grupomaspaq.com\/blog\/actualizacion-de-hardware\/\",\"name\":\"Actualizaci\u00f3n de Hardware. - Blog Grupo Maspaq\",\"isPartOf\":{\"@id\":\"https:\/\/grupomaspaq.com\/blog\/#website\"},\"primaryImageOfPage\":{\"@id\":\"https:\/\/grupomaspaq.com\/blog\/actualizacion-de-hardware\/#primaryimage\"},\"image\":{\"@id\":\"https:\/\/grupomaspaq.com\/blog\/actualizacion-de-hardware\/#primaryimage\"},\"thumbnailUrl\":\"https:\/\/grupomaspaq.com\/blog\/wp-content\/uploads\/2023\/07\/componentes-de-un-equipo-de-computo-1024x819.jpg\",\"datePublished\":\"2023-07-07T03:27:36+00:00\",\"dateModified\":\"2023-07-07T03:41:58+00:00\",\"description\":\"Actualizaci\u00f3n de Hardware Muchas veces el cliente cuenta con\u00a0equipos que no soportan las tecnolog\u00edas hoy en d\u00eda y por cuestiones econ\u00f3micas\u00a0no se desea\",\"breadcrumb\":{\"@id\":\"https:\/\/grupomaspaq.com\/blog\/actualizacion-de-hardware\/#breadcrumb\"},\"inLanguage\":\"es\",\"potentialAction\":[{\"@type\":\"ReadAction\",\"target\":[\"https:\/\/grupomaspaq.com\/blog\/actualizacion-de-hardware\/\"]}]},{\"@type\":\"ImageObject\",\"inLanguage\":\"es\",\"@id\":\"https:\/\/grupomaspaq.com\/blog\/actualizacion-de-hardware\/#primaryimage\",\"url\":\"https:\/\/grupomaspaq.com\/blog\/wp-content\/uploads\/2023\/07\/componentes-de-un-equipo-de-computo.jpg\",\"contentUrl\":\"https:\/\/grupomaspaq.com\/blog\/wp-content\/uploads\/2023\/07\/componentes-de-un-equipo-de-computo.jpg\",\"width\":1280,\"height\":1024},{\"@type\":\"BreadcrumbList\",\"@id\":\"https:\/\/grupomaspaq.com\/blog\/actualizacion-de-hardware\/#breadcrumb\",\"itemListElement\":[{\"@type\":\"ListItem\",\"position\":1,\"name\":\"Portada\",\"item\":\"https:\/\/grupomaspaq.com\/blog\/\"},{\"@type\":\"ListItem\",\"position\":2,\"name\":\"Actualizaci\u00f3n de Hardware.\"}]},{\"@type\":\"WebSite\",\"@id\":\"https:\/\/grupomaspaq.com\/blog\/#website\",\"url\":\"https:\/\/grupomaspaq.com\/blog\/\",\"name\":\"Tienda Oficial Grupo MasPAQ\",\"description\":\"Productos y Servicios de Contpaqi, Soft Restaurant, Computo y m\u00e1s.\",\"publisher\":{\"@id\":\"https:\/\/grupomaspaq.com\/blog\/#organization\"},\"potentialAction\":[{\"@type\":\"SearchAction\",\"target\":{\"@type\":\"EntryPoint\",\"urlTemplate\":\"https:\/\/grupomaspaq.com\/blog\/?s={search_term_string}\"},\"query-input\":{\"@type\":\"PropertyValueSpecification\",\"valueRequired\":true,\"valueName\":\"search_term_string\"}}],\"inLanguage\":\"es\"},{\"@type\":\"Organization\",\"@id\":\"https:\/\/grupomaspaq.com\/blog\/#organization\",\"name\":\"Tienda Oficial Grupo MasPAQ\",\"url\":\"https:\/\/grupomaspaq.com\/blog\/\",\"logo\":{\"@type\":\"ImageObject\",\"inLanguage\":\"es\",\"@id\":\"https:\/\/grupomaspaq.com\/blog\/#\/schema\/logo\/image\/\",\"url\":\"https:\/\/grupomaspaq.com\/blog\/wp-content\/uploads\/2023\/02\/cropped-logo-grupo-maspaq-512-x-512.jpg\",\"contentUrl\":\"https:\/\/grupomaspaq.com\/blog\/wp-content\/uploads\/2023\/02\/cropped-logo-grupo-maspaq-512-x-512.jpg\",\"width\":512,\"height\":512,\"caption\":\"Tienda Oficial Grupo MasPAQ\"},\"image\":{\"@id\":\"https:\/\/grupomaspaq.com\/blog\/#\/schema\/logo\/image\/\"}}]}<\/script>\n<!-- \/ Yoast SEO plugin. -->","yoast_head_json":{"title":"Actualizaci\u00f3n de Hardware. - Blog Grupo Maspaq","description":"Actualizaci\u00f3n de Hardware Muchas veces el cliente cuenta con\u00a0equipos que no soportan las tecnolog\u00edas hoy en d\u00eda y por cuestiones econ\u00f3micas\u00a0no se desea","robots":{"index":"index","follow":"follow","max-snippet":"max-snippet:-1","max-image-preview":"max-image-preview:large","max-video-preview":"max-video-preview:-1"},"canonical":"https:\/\/grupomaspaq.com\/blog\/actualizacion-de-hardware\/","og_locale":"es_ES","og_type":"article","og_title":"Actualizaci\u00f3n de Hardware. - Blog Grupo Maspaq","og_description":"Actualizaci\u00f3n de Hardware Muchas veces el cliente cuenta con\u00a0equipos que no soportan las tecnolog\u00edas hoy en d\u00eda y por cuestiones econ\u00f3micas\u00a0no se desea","og_url":"https:\/\/grupomaspaq.com\/blog\/actualizacion-de-hardware\/","og_site_name":"Tienda Oficial Grupo MasPAQ","article_modified_time":"2023-07-07T03:41:58+00:00","og_image":[{"url":"https:\/\/grupomaspaq.com\/blog\/wp-content\/uploads\/2023\/07\/componentes-de-un-equipo-de-computo-1024x819.jpg","type":"","width":"","height":""}],"twitter_card":"summary_large_image","twitter_misc":{"Tiempo de lectura":"1 minuto"},"schema":{"@context":"https:\/\/schema.org","@graph":[{"@type":"WebPage","@id":"https:\/\/grupomaspaq.com\/blog\/actualizacion-de-hardware\/","url":"https:\/\/grupomaspaq.com\/blog\/actualizacion-de-hardware\/","name":"Actualizaci\u00f3n de Hardware. - Blog Grupo Maspaq","isPartOf":{"@id":"https:\/\/grupomaspaq.com\/blog\/#website"},"primaryImageOfPage":{"@id":"https:\/\/grupomaspaq.com\/blog\/actualizacion-de-hardware\/#primaryimage"},"image":{"@id":"https:\/\/grupomaspaq.com\/blog\/actualizacion-de-hardware\/#primaryimage"},"thumbnailUrl":"https:\/\/grupomaspaq.com\/blog\/wp-content\/uploads\/2023\/07\/componentes-de-un-equipo-de-computo-1024x819.jpg","datePublished":"2023-07-07T03:27:36+00:00","dateModified":"2023-07-07T03:41:58+00:00","description":"Actualizaci\u00f3n de Hardware Muchas veces el cliente cuenta con\u00a0equipos que no soportan las tecnolog\u00edas hoy en d\u00eda y por cuestiones econ\u00f3micas\u00a0no se desea","breadcrumb":{"@id":"https:\/\/grupomaspaq.com\/blog\/actualizacion-de-hardware\/#breadcrumb"},"inLanguage":"es","potentialAction":[{"@type":"ReadAction","target":["https:\/\/grupomaspaq.com\/blog\/actualizacion-de-hardware\/"]}]},{"@type":"ImageObject","inLanguage":"es","@id":"https:\/\/grupomaspaq.com\/blog\/actualizacion-de-hardware\/#primaryimage","url":"https:\/\/grupomaspaq.com\/blog\/wp-content\/uploads\/2023\/07\/componentes-de-un-equipo-de-computo.jpg","contentUrl":"https:\/\/grupomaspaq.com\/blog\/wp-content\/uploads\/2023\/07\/componentes-de-un-equipo-de-computo.jpg","width":1280,"height":1024},{"@type":"BreadcrumbList","@id":"https:\/\/grupomaspaq.com\/blog\/actualizacion-de-hardware\/#breadcrumb","itemListElement":[{"@type":"ListItem","position":1,"name":"Portada","item":"https:\/\/grupomaspaq.com\/blog\/"},{"@type":"ListItem","position":2,"name":"Actualizaci\u00f3n de Hardware."}]},{"@type":"WebSite","@id":"https:\/\/grupomaspaq.com\/blog\/#website","url":"https:\/\/grupomaspaq.com\/blog\/","name":"Tienda Oficial Grupo MasPAQ","description":"Productos y Servicios de Contpaqi, Soft Restaurant, Computo y m\u00e1s.","publisher":{"@id":"https:\/\/grupomaspaq.com\/blog\/#organization"},"potentialAction":[{"@type":"SearchAction","target":{"@type":"EntryPoint","urlTemplate":"https:\/\/grupomaspaq.com\/blog\/?s={search_term_string}"},"query-input":{"@type":"PropertyValueSpecification","valueRequired":true,"valueName":"search_term_string"}}],"inLanguage":"es"},{"@type":"Organization","@id":"https:\/\/grupomaspaq.com\/blog\/#organization","name":"Tienda Oficial Grupo MasPAQ","url":"https:\/\/grupomaspaq.com\/blog\/","logo":{"@type":"ImageObject","inLanguage":"es","@id":"https:\/\/grupomaspaq.com\/blog\/#\/schema\/logo\/image\/","url":"https:\/\/grupomaspaq.com\/blog\/wp-content\/uploads\/2023\/02\/cropped-logo-grupo-maspaq-512-x-512.jpg","contentUrl":"https:\/\/grupomaspaq.com\/blog\/wp-content\/uploads\/2023\/02\/cropped-logo-grupo-maspaq-512-x-512.jpg","width":512,"height":512,"caption":"Tienda Oficial Grupo MasPAQ"},"image":{"@id":"https:\/\/grupomaspaq.com\/blog\/#\/schema\/logo\/image\/"}}]}},"_links":{"self":[{"href":"https:\/\/grupomaspaq.com\/blog\/wp-json\/wp\/v2\/pages\/1101","targetHints":{"allow":["GET"]}}],"collection":[{"href":"https:\/\/grupomaspaq.com\/blog\/wp-json\/wp\/v2\/pages"}],"about":[{"href":"https:\/\/grupomaspaq.com\/blog\/wp-json\/wp\/v2\/types\/page"}],"author":[{"embeddable":true,"href":"https:\/\/grupomaspaq.com\/blog\/wp-json\/wp\/v2\/users\/1"}],"replies":[{"embeddable":true,"href":"https:\/\/grupomaspaq.com\/blog\/wp-json\/wp\/v2\/comments?post=1101"}],"version-history":[{"count":9,"href":"https:\/\/grupomaspaq.com\/blog\/wp-json\/wp\/v2\/pages\/1101\/revisions"}],"predecessor-version":[{"id":1114,"href":"https:\/\/grupomaspaq.com\/blog\/wp-json\/wp\/v2\/pages\/1101\/revisions\/1114"}],"wp:attachment":[{"href":"https:\/\/grupomaspaq.com\/blog\/wp-json\/wp\/v2\/media?parent=1101"}],"curies":[{"name":"wp","href":"https:\/\/api.w.org\/{rel}","templated":true}]}}