{"id":1085,"date":"2023-07-06T20:56:59","date_gmt":"2023-07-07T02:56:59","guid":{"rendered":"https:\/\/grupomaspaq.com\/blog\/?page_id=1085"},"modified":"2023-07-06T21:10:17","modified_gmt":"2023-07-07T03:10:17","slug":"instalacion-configuracion-y-de-redes","status":"publish","type":"page","link":"https:\/\/grupomaspaq.com\/blog\/instalacion-configuracion-y-de-redes\/","title":{"rendered":"Instalaci\u00f3n, Configuraci\u00f3n y de Redes."},"content":{"rendered":"\t\t<div data-elementor-type=\"wp-page\" data-elementor-id=\"1085\" class=\"elementor elementor-1085\">\n\t\t\t\t\t\t<section class=\"elementor-section elementor-top-section elementor-element elementor-element-fefe275 elementor-section-boxed elementor-section-height-default elementor-section-height-default\" data-id=\"fefe275\" data-element_type=\"section\">\n\t\t\t\t\t\t<div class=\"elementor-container elementor-column-gap-default\">\n\t\t\t\t\t<div class=\"elementor-column elementor-col-100 elementor-top-column elementor-element elementor-element-23cd742\" data-id=\"23cd742\" data-element_type=\"column\">\n\t\t\t<div class=\"elementor-widget-wrap elementor-element-populated\">\n\t\t\t\t\t\t<div class=\"elementor-element elementor-element-3b48218 elementor-widget elementor-widget-heading\" data-id=\"3b48218\" data-element_type=\"widget\" data-settings=\"{&quot;ep_notation_active&quot;:&quot;yes&quot;,&quot;ep_notation_list&quot;:[{&quot;_id&quot;:&quot;fd571d9&quot;,&quot;ep_notation_bracket_on&quot;:null,&quot;ep_notation_select_type&quot;:&quot;widget&quot;,&quot;ep_notation_custom_selector&quot;:null,&quot;ep_notation_type&quot;:&quot;underline&quot;,&quot;ep_notation_color&quot;:&quot;&quot;,&quot;ep_notation_anim_duration&quot;:{&quot;unit&quot;:&quot;px&quot;,&quot;size&quot;:800,&quot;sizes&quot;:[]},&quot;ep_notation_stroke_width&quot;:{&quot;unit&quot;:&quot;px&quot;,&quot;size&quot;:1,&quot;sizes&quot;:[]},&quot;ep_notation_waypoint_offset&quot;:&quot;&quot;}]}\" data-widget_type=\"heading.default\">\n\t\t\t\t\t<h1 class=\"elementor-heading-title elementor-size-default\"><span style=\"font-size:18.0pt;line-height:107%;font-family:Montserrat;color:black\">Instalaci\u00f3n, Configuraci\u00f3n y Mantenimiento de Redes Lan y Man.<\/span><\/h1>\t\t\t\t<\/div>\n\t\t\t\t\t<\/div>\n\t\t<\/div>\n\t\t\t\t\t<\/div>\n\t\t<\/section>\n\t\t\t\t<section class=\"elementor-section elementor-top-section elementor-element elementor-element-909270b elementor-section-boxed elementor-section-height-default elementor-section-height-default\" data-id=\"909270b\" data-element_type=\"section\">\n\t\t\t\t\t\t<div class=\"elementor-container elementor-column-gap-default\">\n\t\t\t\t\t<div class=\"elementor-column elementor-col-33 elementor-top-column elementor-element elementor-element-34e07d7\" data-id=\"34e07d7\" data-element_type=\"column\">\n\t\t\t<div class=\"elementor-widget-wrap elementor-element-populated\">\n\t\t\t\t\t\t<div class=\"elementor-element elementor-element-f97c5c3 elementor-widget elementor-widget-image\" data-id=\"f97c5c3\" data-element_type=\"widget\" data-widget_type=\"image.default\">\n\t\t\t\t\t\t\t\t\t\t\t\t\t\t\t<img fetchpriority=\"high\" decoding=\"async\" width=\"400\" height=\"300\" src=\"https:\/\/grupomaspaq.com\/blog\/wp-content\/uploads\/2023\/07\/mantenimiento-instalacion-redes-puerto-vallarta-grupo-maspaq-bahia-de-banderas.jpg\" class=\"attachment-large size-large wp-image-1088\" alt=\"\" srcset=\"https:\/\/grupomaspaq.com\/blog\/wp-content\/uploads\/2023\/07\/mantenimiento-instalacion-redes-puerto-vallarta-grupo-maspaq-bahia-de-banderas.jpg 400w, https:\/\/grupomaspaq.com\/blog\/wp-content\/uploads\/2023\/07\/mantenimiento-instalacion-redes-puerto-vallarta-grupo-maspaq-bahia-de-banderas-300x225.jpg 300w\" sizes=\"(max-width: 400px) 100vw, 400px\" \/>\t\t\t\t\t\t\t\t\t\t\t\t\t\t\t<\/div>\n\t\t\t\t\t<\/div>\n\t\t<\/div>\n\t\t\t\t<div class=\"elementor-column elementor-col-66 elementor-top-column elementor-element elementor-element-0d43637\" data-id=\"0d43637\" data-element_type=\"column\">\n\t\t\t<div class=\"elementor-widget-wrap elementor-element-populated\">\n\t\t\t\t\t\t<div class=\"elementor-element elementor-element-185426c elementor-widget elementor-widget-text-editor\" data-id=\"185426c\" data-element_type=\"widget\" data-widget_type=\"text-editor.default\">\n\t\t\t\t\t\t\t\t\t<p class=\"MsoNormal\" style=\"margin-bottom: 15pt; line-height: normal; background-image: initial; background-position: initial; background-size: initial; background-repeat: initial; background-attachment: initial; background-origin: initial; background-clip: initial; vertical-align: baseline;\"><b><span style=\"font-size: 10.0pt; font-family: Montserrat; mso-fareast-font-family: 'Times New Roman'; mso-bidi-font-family: 'Times New Roman'; color: #676767; mso-fareast-language: ES-MX;\">Llevamos a cabo cualquier proyecto de cableado estructurado y conectividad al\u00e1mbrica o inal\u00e1mbrica en cualquier tipo de infraestructura desde una casa habitaci\u00f3n, pasando por las PyMEs, hasta los grandes corporativos que funcionan como centros de operaciones.<\/span><\/b><\/p><p>\u00a0<\/p><p class=\"MsoNormal\" style=\"margin-bottom: 15pt; line-height: normal; background-image: initial; background-position: initial; background-size: initial; background-repeat: initial; background-attachment: initial; background-origin: initial; background-clip: initial; vertical-align: baseline;\"><b><span style=\"font-size: 10.0pt; font-family: Montserrat; mso-fareast-font-family: 'Times New Roman'; mso-bidi-font-family: 'Times New Roman'; color: #676767; mso-fareast-language: ES-MX;\">Nosotros nos comprometemos a dise\u00f1arte una red a tu medida que cumpla todas y cada una de tus necesidades<\/span><\/b><\/p>\t\t\t\t\t\t\t\t<\/div>\n\t\t\t\t\t<\/div>\n\t\t<\/div>\n\t\t\t\t\t<\/div>\n\t\t<\/section>\n\t\t\t\t<section class=\"elementor-section elementor-top-section elementor-element elementor-element-3a1b3c7 elementor-section-boxed elementor-section-height-default elementor-section-height-default\" data-id=\"3a1b3c7\" data-element_type=\"section\">\n\t\t\t\t\t\t<div class=\"elementor-container elementor-column-gap-default\">\n\t\t\t\t\t<div class=\"elementor-column elementor-col-50 elementor-top-column elementor-element elementor-element-e1e8e44\" data-id=\"e1e8e44\" data-element_type=\"column\">\n\t\t\t<div class=\"elementor-widget-wrap elementor-element-populated\">\n\t\t\t\t\t\t<div class=\"elementor-element elementor-element-7872bfe elementor-widget elementor-widget-image\" data-id=\"7872bfe\" data-element_type=\"widget\" data-widget_type=\"image.default\">\n\t\t\t\t\t\t\t\t\t\t\t\t\t\t\t<img decoding=\"async\" width=\"276\" height=\"183\" data-src=\"https:\/\/grupomaspaq.com\/blog\/wp-content\/uploads\/2023\/07\/matenimiento-preventivo-y-correctivo-en-puerto-vallarta-grupo-maspaq-1.jpeg\" class=\"attachment-medium_large size-medium_large wp-image-1096 lazyload\" alt=\"\" src=\"data:image\/gif;base64,R0lGODlhAQABAAAAACH5BAEKAAEALAAAAAABAAEAAAICTAEAOw==\" style=\"--smush-placeholder-width: 276px; --smush-placeholder-aspect-ratio: 276\/183;\" \/>\t\t\t\t\t\t\t\t\t\t\t\t\t\t\t<\/div>\n\t\t\t\t\t<\/div>\n\t\t<\/div>\n\t\t\t\t<div class=\"elementor-column elementor-col-50 elementor-top-column elementor-element elementor-element-a78268a\" data-id=\"a78268a\" data-element_type=\"column\">\n\t\t\t<div class=\"elementor-widget-wrap elementor-element-populated\">\n\t\t\t\t\t\t<div class=\"elementor-element elementor-element-d29f60f elementor-widget elementor-widget-image\" data-id=\"d29f60f\" data-element_type=\"widget\" data-widget_type=\"image.default\">\n\t\t\t\t\t\t\t\t\t\t\t\t\t\t\t<img decoding=\"async\" width=\"256\" height=\"197\" data-src=\"https:\/\/grupomaspaq.com\/blog\/wp-content\/uploads\/2023\/07\/matenimiento-instalacion-redes-en-puerto-vallarta-grupo-maspaq-ver-1.jpeg\" class=\"attachment-medium_large size-medium_large wp-image-1093 lazyload\" alt=\"mantenimiento instalacion redes puerto vallarta grupo maspaq bahia de banderas\" src=\"data:image\/gif;base64,R0lGODlhAQABAAAAACH5BAEKAAEALAAAAAABAAEAAAICTAEAOw==\" style=\"--smush-placeholder-width: 256px; --smush-placeholder-aspect-ratio: 256\/197;\" \/>\t\t\t\t\t\t\t\t\t\t\t\t\t\t\t<\/div>\n\t\t\t\t\t<\/div>\n\t\t<\/div>\n\t\t\t\t\t<\/div>\n\t\t<\/section>\n\t\t\t\t<\/div>\n\t\t<!-- AddThis Advanced Settings generic via filter on the_content --><!-- AddThis Share Buttons generic via filter on the_content -->","protected":false},"excerpt":{"rendered":"<p>Instalaci\u00f3n, Configuraci\u00f3n y Mantenimiento de Redes Lan y Man. Llevamos a cabo cualquier proyecto de cableado estructurado y conectividad al\u00e1mbrica o inal\u00e1mbrica en cualquier tipo de infraestructura desde una casa habitaci\u00f3n, pasando por las PyMEs, hasta los grandes corporativos que funcionan como centros de operaciones. \u00a0 Nosotros nos comprometemos a dise\u00f1arte una red a tu [&hellip;]<!-- AddThis Advanced Settings generic via filter on get_the_excerpt --><!-- AddThis Share Buttons generic via filter on get_the_excerpt --><\/p>\n","protected":false},"author":1,"featured_media":0,"parent":0,"menu_order":0,"comment_status":"closed","ping_status":"closed","template":"","meta":{"_bbp_topic_count":0,"_bbp_reply_count":0,"_bbp_total_topic_count":0,"_bbp_total_reply_count":0,"_bbp_voice_count":0,"_bbp_anonymous_reply_count":0,"_bbp_topic_count_hidden":0,"_bbp_reply_count_hidden":0,"_bbp_forum_subforum_count":0,"footnotes":""},"class_list":["post-1085","page","type-page","status-publish","hentry"],"yoast_head":"<!-- This site is optimized with the Yoast SEO plugin v24.5 - https:\/\/yoast.com\/wordpress\/plugins\/seo\/ -->\n<title>Instalaci\u00f3n, Configuraci\u00f3n y de Redes. - Blog Grupo Maspaq<\/title>\n<meta name=\"description\" content=\"Instalaci\u00f3n, Configuraci\u00f3n y Mantenimiento de Redes Lan y Man. Llevamos a cabo cualquier proyecto de cableado estructurado y conectividad al\u00e1mbrica o\" \/>\n<meta name=\"robots\" content=\"index, follow, max-snippet:-1, max-image-preview:large, max-video-preview:-1\" \/>\n<link rel=\"canonical\" href=\"https:\/\/grupomaspaq.com\/blog\/instalacion-configuracion-y-de-redes\/\" \/>\n<meta property=\"og:locale\" content=\"es_ES\" \/>\n<meta property=\"og:type\" content=\"article\" \/>\n<meta property=\"og:title\" content=\"Instalaci\u00f3n, Configuraci\u00f3n y de Redes. - Blog Grupo Maspaq\" \/>\n<meta property=\"og:description\" content=\"Instalaci\u00f3n, Configuraci\u00f3n y Mantenimiento de Redes Lan y Man. Llevamos a cabo cualquier proyecto de cableado estructurado y conectividad al\u00e1mbrica o\" \/>\n<meta property=\"og:url\" content=\"https:\/\/grupomaspaq.com\/blog\/instalacion-configuracion-y-de-redes\/\" \/>\n<meta property=\"og:site_name\" content=\"Tienda Oficial Grupo MasPAQ\" \/>\n<meta property=\"article:modified_time\" content=\"2023-07-07T03:10:17+00:00\" \/>\n<meta property=\"og:image\" content=\"https:\/\/grupomaspaq.com\/blog\/wp-content\/uploads\/2023\/07\/mantenimiento-instalacion-redes-puerto-vallarta-grupo-maspaq-bahia-de-banderas.jpg\" \/>\n<meta name=\"twitter:card\" content=\"summary_large_image\" \/>\n<meta name=\"twitter:label1\" content=\"Tiempo de lectura\" \/>\n\t<meta name=\"twitter:data1\" content=\"1 minuto\" \/>\n<script type=\"application\/ld+json\" class=\"yoast-schema-graph\">{\"@context\":\"https:\/\/schema.org\",\"@graph\":[{\"@type\":\"WebPage\",\"@id\":\"https:\/\/grupomaspaq.com\/blog\/instalacion-configuracion-y-de-redes\/\",\"url\":\"https:\/\/grupomaspaq.com\/blog\/instalacion-configuracion-y-de-redes\/\",\"name\":\"Instalaci\u00f3n, Configuraci\u00f3n y de Redes. - Blog Grupo Maspaq\",\"isPartOf\":{\"@id\":\"https:\/\/grupomaspaq.com\/blog\/#website\"},\"primaryImageOfPage\":{\"@id\":\"https:\/\/grupomaspaq.com\/blog\/instalacion-configuracion-y-de-redes\/#primaryimage\"},\"image\":{\"@id\":\"https:\/\/grupomaspaq.com\/blog\/instalacion-configuracion-y-de-redes\/#primaryimage\"},\"thumbnailUrl\":\"https:\/\/grupomaspaq.com\/blog\/wp-content\/uploads\/2023\/07\/mantenimiento-instalacion-redes-puerto-vallarta-grupo-maspaq-bahia-de-banderas.jpg\",\"datePublished\":\"2023-07-07T02:56:59+00:00\",\"dateModified\":\"2023-07-07T03:10:17+00:00\",\"description\":\"Instalaci\u00f3n, Configuraci\u00f3n y Mantenimiento de Redes Lan y Man. Llevamos a cabo cualquier proyecto de cableado estructurado y conectividad al\u00e1mbrica o\",\"breadcrumb\":{\"@id\":\"https:\/\/grupomaspaq.com\/blog\/instalacion-configuracion-y-de-redes\/#breadcrumb\"},\"inLanguage\":\"es\",\"potentialAction\":[{\"@type\":\"ReadAction\",\"target\":[\"https:\/\/grupomaspaq.com\/blog\/instalacion-configuracion-y-de-redes\/\"]}]},{\"@type\":\"ImageObject\",\"inLanguage\":\"es\",\"@id\":\"https:\/\/grupomaspaq.com\/blog\/instalacion-configuracion-y-de-redes\/#primaryimage\",\"url\":\"https:\/\/grupomaspaq.com\/blog\/wp-content\/uploads\/2023\/07\/mantenimiento-instalacion-redes-puerto-vallarta-grupo-maspaq-bahia-de-banderas.jpg\",\"contentUrl\":\"https:\/\/grupomaspaq.com\/blog\/wp-content\/uploads\/2023\/07\/mantenimiento-instalacion-redes-puerto-vallarta-grupo-maspaq-bahia-de-banderas.jpg\",\"width\":400,\"height\":300},{\"@type\":\"BreadcrumbList\",\"@id\":\"https:\/\/grupomaspaq.com\/blog\/instalacion-configuracion-y-de-redes\/#breadcrumb\",\"itemListElement\":[{\"@type\":\"ListItem\",\"position\":1,\"name\":\"Portada\",\"item\":\"https:\/\/grupomaspaq.com\/blog\/\"},{\"@type\":\"ListItem\",\"position\":2,\"name\":\"Instalaci\u00f3n, Configuraci\u00f3n y de Redes.\"}]},{\"@type\":\"WebSite\",\"@id\":\"https:\/\/grupomaspaq.com\/blog\/#website\",\"url\":\"https:\/\/grupomaspaq.com\/blog\/\",\"name\":\"Tienda Oficial Grupo MasPAQ\",\"description\":\"Productos y Servicios de Contpaqi, Soft Restaurant, Computo y m\u00e1s.\",\"publisher\":{\"@id\":\"https:\/\/grupomaspaq.com\/blog\/#organization\"},\"potentialAction\":[{\"@type\":\"SearchAction\",\"target\":{\"@type\":\"EntryPoint\",\"urlTemplate\":\"https:\/\/grupomaspaq.com\/blog\/?s={search_term_string}\"},\"query-input\":{\"@type\":\"PropertyValueSpecification\",\"valueRequired\":true,\"valueName\":\"search_term_string\"}}],\"inLanguage\":\"es\"},{\"@type\":\"Organization\",\"@id\":\"https:\/\/grupomaspaq.com\/blog\/#organization\",\"name\":\"Tienda Oficial Grupo MasPAQ\",\"url\":\"https:\/\/grupomaspaq.com\/blog\/\",\"logo\":{\"@type\":\"ImageObject\",\"inLanguage\":\"es\",\"@id\":\"https:\/\/grupomaspaq.com\/blog\/#\/schema\/logo\/image\/\",\"url\":\"https:\/\/grupomaspaq.com\/blog\/wp-content\/uploads\/2023\/02\/cropped-logo-grupo-maspaq-512-x-512.jpg\",\"contentUrl\":\"https:\/\/grupomaspaq.com\/blog\/wp-content\/uploads\/2023\/02\/cropped-logo-grupo-maspaq-512-x-512.jpg\",\"width\":512,\"height\":512,\"caption\":\"Tienda Oficial Grupo MasPAQ\"},\"image\":{\"@id\":\"https:\/\/grupomaspaq.com\/blog\/#\/schema\/logo\/image\/\"}}]}<\/script>\n<!-- \/ Yoast SEO plugin. -->","yoast_head_json":{"title":"Instalaci\u00f3n, Configuraci\u00f3n y de Redes. - Blog Grupo Maspaq","description":"Instalaci\u00f3n, Configuraci\u00f3n y Mantenimiento de Redes Lan y Man. Llevamos a cabo cualquier proyecto de cableado estructurado y conectividad al\u00e1mbrica o","robots":{"index":"index","follow":"follow","max-snippet":"max-snippet:-1","max-image-preview":"max-image-preview:large","max-video-preview":"max-video-preview:-1"},"canonical":"https:\/\/grupomaspaq.com\/blog\/instalacion-configuracion-y-de-redes\/","og_locale":"es_ES","og_type":"article","og_title":"Instalaci\u00f3n, Configuraci\u00f3n y de Redes. - Blog Grupo Maspaq","og_description":"Instalaci\u00f3n, Configuraci\u00f3n y Mantenimiento de Redes Lan y Man. Llevamos a cabo cualquier proyecto de cableado estructurado y conectividad al\u00e1mbrica o","og_url":"https:\/\/grupomaspaq.com\/blog\/instalacion-configuracion-y-de-redes\/","og_site_name":"Tienda Oficial Grupo MasPAQ","article_modified_time":"2023-07-07T03:10:17+00:00","og_image":[{"url":"https:\/\/grupomaspaq.com\/blog\/wp-content\/uploads\/2023\/07\/mantenimiento-instalacion-redes-puerto-vallarta-grupo-maspaq-bahia-de-banderas.jpg","type":"","width":"","height":""}],"twitter_card":"summary_large_image","twitter_misc":{"Tiempo de lectura":"1 minuto"},"schema":{"@context":"https:\/\/schema.org","@graph":[{"@type":"WebPage","@id":"https:\/\/grupomaspaq.com\/blog\/instalacion-configuracion-y-de-redes\/","url":"https:\/\/grupomaspaq.com\/blog\/instalacion-configuracion-y-de-redes\/","name":"Instalaci\u00f3n, Configuraci\u00f3n y de Redes. - Blog Grupo Maspaq","isPartOf":{"@id":"https:\/\/grupomaspaq.com\/blog\/#website"},"primaryImageOfPage":{"@id":"https:\/\/grupomaspaq.com\/blog\/instalacion-configuracion-y-de-redes\/#primaryimage"},"image":{"@id":"https:\/\/grupomaspaq.com\/blog\/instalacion-configuracion-y-de-redes\/#primaryimage"},"thumbnailUrl":"https:\/\/grupomaspaq.com\/blog\/wp-content\/uploads\/2023\/07\/mantenimiento-instalacion-redes-puerto-vallarta-grupo-maspaq-bahia-de-banderas.jpg","datePublished":"2023-07-07T02:56:59+00:00","dateModified":"2023-07-07T03:10:17+00:00","description":"Instalaci\u00f3n, Configuraci\u00f3n y Mantenimiento de Redes Lan y Man. Llevamos a cabo cualquier proyecto de cableado estructurado y conectividad al\u00e1mbrica o","breadcrumb":{"@id":"https:\/\/grupomaspaq.com\/blog\/instalacion-configuracion-y-de-redes\/#breadcrumb"},"inLanguage":"es","potentialAction":[{"@type":"ReadAction","target":["https:\/\/grupomaspaq.com\/blog\/instalacion-configuracion-y-de-redes\/"]}]},{"@type":"ImageObject","inLanguage":"es","@id":"https:\/\/grupomaspaq.com\/blog\/instalacion-configuracion-y-de-redes\/#primaryimage","url":"https:\/\/grupomaspaq.com\/blog\/wp-content\/uploads\/2023\/07\/mantenimiento-instalacion-redes-puerto-vallarta-grupo-maspaq-bahia-de-banderas.jpg","contentUrl":"https:\/\/grupomaspaq.com\/blog\/wp-content\/uploads\/2023\/07\/mantenimiento-instalacion-redes-puerto-vallarta-grupo-maspaq-bahia-de-banderas.jpg","width":400,"height":300},{"@type":"BreadcrumbList","@id":"https:\/\/grupomaspaq.com\/blog\/instalacion-configuracion-y-de-redes\/#breadcrumb","itemListElement":[{"@type":"ListItem","position":1,"name":"Portada","item":"https:\/\/grupomaspaq.com\/blog\/"},{"@type":"ListItem","position":2,"name":"Instalaci\u00f3n, Configuraci\u00f3n y de Redes."}]},{"@type":"WebSite","@id":"https:\/\/grupomaspaq.com\/blog\/#website","url":"https:\/\/grupomaspaq.com\/blog\/","name":"Tienda Oficial Grupo MasPAQ","description":"Productos y Servicios de Contpaqi, Soft Restaurant, Computo y m\u00e1s.","publisher":{"@id":"https:\/\/grupomaspaq.com\/blog\/#organization"},"potentialAction":[{"@type":"SearchAction","target":{"@type":"EntryPoint","urlTemplate":"https:\/\/grupomaspaq.com\/blog\/?s={search_term_string}"},"query-input":{"@type":"PropertyValueSpecification","valueRequired":true,"valueName":"search_term_string"}}],"inLanguage":"es"},{"@type":"Organization","@id":"https:\/\/grupomaspaq.com\/blog\/#organization","name":"Tienda Oficial Grupo MasPAQ","url":"https:\/\/grupomaspaq.com\/blog\/","logo":{"@type":"ImageObject","inLanguage":"es","@id":"https:\/\/grupomaspaq.com\/blog\/#\/schema\/logo\/image\/","url":"https:\/\/grupomaspaq.com\/blog\/wp-content\/uploads\/2023\/02\/cropped-logo-grupo-maspaq-512-x-512.jpg","contentUrl":"https:\/\/grupomaspaq.com\/blog\/wp-content\/uploads\/2023\/02\/cropped-logo-grupo-maspaq-512-x-512.jpg","width":512,"height":512,"caption":"Tienda Oficial Grupo MasPAQ"},"image":{"@id":"https:\/\/grupomaspaq.com\/blog\/#\/schema\/logo\/image\/"}}]}},"_links":{"self":[{"href":"https:\/\/grupomaspaq.com\/blog\/wp-json\/wp\/v2\/pages\/1085","targetHints":{"allow":["GET"]}}],"collection":[{"href":"https:\/\/grupomaspaq.com\/blog\/wp-json\/wp\/v2\/pages"}],"about":[{"href":"https:\/\/grupomaspaq.com\/blog\/wp-json\/wp\/v2\/types\/page"}],"author":[{"embeddable":true,"href":"https:\/\/grupomaspaq.com\/blog\/wp-json\/wp\/v2\/users\/1"}],"replies":[{"embeddable":true,"href":"https:\/\/grupomaspaq.com\/blog\/wp-json\/wp\/v2\/comments?post=1085"}],"version-history":[{"count":3,"href":"https:\/\/grupomaspaq.com\/blog\/wp-json\/wp\/v2\/pages\/1085\/revisions"}],"predecessor-version":[{"id":1100,"href":"https:\/\/grupomaspaq.com\/blog\/wp-json\/wp\/v2\/pages\/1085\/revisions\/1100"}],"wp:attachment":[{"href":"https:\/\/grupomaspaq.com\/blog\/wp-json\/wp\/v2\/media?parent=1085"}],"curies":[{"name":"wp","href":"https:\/\/api.w.org\/{rel}","templated":true}]}}