{"id":1035,"date":"2023-07-06T19:58:23","date_gmt":"2023-07-07T01:58:23","guid":{"rendered":"https:\/\/grupomaspaq.com\/blog\/?page_id=1035"},"modified":"2023-07-06T20:08:11","modified_gmt":"2023-07-07T02:08:11","slug":"reparacion-de-computadoras","status":"publish","type":"page","link":"https:\/\/grupomaspaq.com\/blog\/reparacion-de-computadoras\/","title":{"rendered":"Reparaci\u00f3n de Computadoras"},"content":{"rendered":"\t\t<div data-elementor-type=\"wp-page\" data-elementor-id=\"1035\" class=\"elementor elementor-1035\">\n\t\t\t\t\t\t<section class=\"elementor-section elementor-top-section elementor-element elementor-element-3884d8c elementor-section-boxed elementor-section-height-default elementor-section-height-default\" data-id=\"3884d8c\" data-element_type=\"section\">\n\t\t\t\t\t\t<div class=\"elementor-container elementor-column-gap-default\">\n\t\t\t\t\t<div class=\"elementor-column elementor-col-100 elementor-top-column elementor-element elementor-element-fbaa3b6\" data-id=\"fbaa3b6\" data-element_type=\"column\">\n\t\t\t<div class=\"elementor-widget-wrap elementor-element-populated\">\n\t\t\t\t\t\t<div class=\"elementor-element elementor-element-f73e158 elementor-widget elementor-widget-image\" data-id=\"f73e158\" data-element_type=\"widget\" data-widget_type=\"image.default\">\n\t\t\t\t\t\t\t\t\t\t\t\t\t\t\t<img fetchpriority=\"high\" decoding=\"async\" width=\"300\" height=\"300\" src=\"https:\/\/grupomaspaq.com\/blog\/wp-content\/uploads\/2023\/07\/Reparacion_PC-grupo-maspaq-300x300.jpg\" class=\"attachment-medium size-medium wp-image-1042\" alt=\"reparacion de comptadoras grupo maspaq\" srcset=\"https:\/\/grupomaspaq.com\/blog\/wp-content\/uploads\/2023\/07\/Reparacion_PC-grupo-maspaq-300x300.jpg 300w, https:\/\/grupomaspaq.com\/blog\/wp-content\/uploads\/2023\/07\/Reparacion_PC-grupo-maspaq-150x150.jpg 150w, https:\/\/grupomaspaq.com\/blog\/wp-content\/uploads\/2023\/07\/Reparacion_PC-grupo-maspaq-768x768.jpg 768w, https:\/\/grupomaspaq.com\/blog\/wp-content\/uploads\/2023\/07\/Reparacion_PC-grupo-maspaq-120x120.jpg 120w, https:\/\/grupomaspaq.com\/blog\/wp-content\/uploads\/2023\/07\/Reparacion_PC-grupo-maspaq.jpg 950w\" sizes=\"(max-width: 300px) 100vw, 300px\" \/>\t\t\t\t\t\t\t\t\t\t\t\t\t\t\t<\/div>\n\t\t\t\t\t<\/div>\n\t\t<\/div>\n\t\t\t\t\t<\/div>\n\t\t<\/section>\n\t\t\t\t<section class=\"elementor-section elementor-top-section elementor-element elementor-element-dc569b0 elementor-section-boxed elementor-section-height-default elementor-section-height-default\" data-id=\"dc569b0\" data-element_type=\"section\">\n\t\t\t\t\t\t<div class=\"elementor-container elementor-column-gap-default\">\n\t\t\t\t\t<div class=\"elementor-column elementor-col-100 elementor-top-column elementor-element elementor-element-df6c604\" data-id=\"df6c604\" data-element_type=\"column\">\n\t\t\t<div class=\"elementor-widget-wrap elementor-element-populated\">\n\t\t\t\t\t\t<div class=\"elementor-element elementor-element-9d1855a elementor-widget elementor-widget-heading\" data-id=\"9d1855a\" data-element_type=\"widget\" data-settings=\"{&quot;ep_notation_active&quot;:&quot;yes&quot;,&quot;ep_notation_list&quot;:[{&quot;_id&quot;:&quot;654e0ce&quot;,&quot;ep_notation_bracket_on&quot;:null,&quot;ep_notation_select_type&quot;:&quot;widget&quot;,&quot;ep_notation_custom_selector&quot;:null,&quot;ep_notation_type&quot;:&quot;underline&quot;,&quot;ep_notation_color&quot;:&quot;&quot;,&quot;ep_notation_anim_duration&quot;:{&quot;unit&quot;:&quot;px&quot;,&quot;size&quot;:800,&quot;sizes&quot;:[]},&quot;ep_notation_stroke_width&quot;:{&quot;unit&quot;:&quot;px&quot;,&quot;size&quot;:1,&quot;sizes&quot;:[]},&quot;ep_notation_waypoint_offset&quot;:&quot;&quot;}]}\" data-widget_type=\"heading.default\">\n\t\t\t\t\t<h6 class=\"elementor-heading-title elementor-size-default\"><p style=\"margin-bottom: 15pt;background-image: initial;background-position: initial;background-size: initial;background-repeat: initial;background-attachment: initial;vertical-align: baseline\"><span style=\"font-size:18.0pt;font-family:Montserrat;color:black\">Reparaci\u00f3n de Computadoras.<\/span><span style=\"letter-spacing: -0.05em\"><\/span><\/p><\/h6>\t\t\t\t<\/div>\n\t\t\t\t\t<\/div>\n\t\t<\/div>\n\t\t\t\t\t<\/div>\n\t\t<\/section>\n\t\t\t\t<section class=\"elementor-section elementor-top-section elementor-element elementor-element-24b3ab9 elementor-section-boxed elementor-section-height-default elementor-section-height-default\" data-id=\"24b3ab9\" data-element_type=\"section\">\n\t\t\t\t\t\t<div class=\"elementor-container elementor-column-gap-default\">\n\t\t\t\t\t<div class=\"elementor-column elementor-col-100 elementor-top-column elementor-element elementor-element-7e86e5e\" data-id=\"7e86e5e\" data-element_type=\"column\">\n\t\t\t<div class=\"elementor-widget-wrap elementor-element-populated\">\n\t\t\t\t\t\t<div class=\"elementor-element elementor-element-6666e78 elementor-widget elementor-widget-text-editor\" data-id=\"6666e78\" data-element_type=\"widget\" data-widget_type=\"text-editor.default\">\n\t\t\t\t\t\t\t\t\t<p class=\"MsoNormal\" style=\"margin-bottom: 0.0001pt; line-height: normal;\"><span style=\"font-size: 12.0pt; font-family: 'Times New Roman',serif; mso-fareast-font-family: 'Times New Roman'; mso-fareast-language: ES-MX;\">En Grupo MasPAQ te ofrecemos reparaci\u00f3n de equipos de c\u00f3mputo en general (PC, Laptops, Mac, etc).\u00a0<\/span><\/p><p class=\"MsoNormal\" style=\"margin-bottom: 0.0001pt; line-height: normal;\"><span style=\"font-size: 12.0pt; font-family: 'Times New Roman',serif; mso-fareast-font-family: 'Times New Roman'; mso-fareast-language: ES-MX;\">\u00a0<\/span><\/p><p class=\"MsoNormal\" style=\"margin-bottom: 0.0001pt; line-height: normal;\"><span style=\"font-size: 12.0pt; font-family: 'Times New Roman',serif; mso-fareast-font-family: 'Times New Roman'; mso-fareast-language: ES-MX;\">Adem\u00e1s te ofrecemos reparaci\u00f3n especializada a nivel componente lo\u00a0cual implica una reducci\u00f3n de costos para el cliente.<\/span><\/p><p class=\"MsoNormal\" style=\"margin-bottom: .0001pt; line-height: normal;\"><span style=\"font-size: 12.0pt; font-family: 'Times New Roman',serif; mso-fareast-font-family: 'Times New Roman'; mso-fareast-language: ES-MX;\"><br \/>Reparaciones enfocadas a:<\/span><\/p><p class=\"MsoNormal\" style=\"margin-bottom: .0001pt; line-height: normal;\"><span style=\"font-size: 12.0pt; font-family: 'Times New Roman',serif; mso-fareast-font-family: 'Times New Roman'; mso-fareast-language: ES-MX;\">\u00a0<\/span><\/p><p class=\"MsoNormal\" style=\"margin-bottom: 0.0001pt; line-height: normal; background-image: initial; background-position: initial; background-size: initial; background-repeat: initial; background-attachment: initial; background-origin: initial; background-clip: initial; vertical-align: baseline;\"><span style=\"font-size: 12.0pt; font-family: 'Times New Roman',serif; mso-fareast-font-family: 'Times New Roman'; mso-fareast-language: ES-MX;\">Software<\/span><\/p><p class=\"MsoListParagraphCxSpFirst\" style=\"margin-bottom: .0001pt; mso-add-space: auto; text-indent: -18.0pt; line-height: normal; mso-list: l0 level1 lfo1;\"><!-- [if !supportLists]--><span style=\"font-size: 12.0pt; font-family: Wingdings; mso-fareast-font-family: Wingdings; mso-bidi-font-family: Wingdings; mso-fareast-language: ES-MX;\">\u00fc<span style=\"font-variant-numeric: normal; font-variant-east-asian: normal; font-variant-alternates: normal; font-kerning: auto; font-optical-sizing: auto; font-feature-settings: normal; font-variation-settings: normal; font-stretch: normal; font-size: 7pt; line-height: normal; font-family: 'Times New Roman';\">\u00a0 <\/span><\/span><!--[endif]--><span style=\"font-size: 12.0pt; font-family: 'Times New Roman',serif; mso-fareast-font-family: 'Times New Roman'; mso-fareast-language: ES-MX;\">Restauraci\u00f3n y\/o reinstalaci\u00f3n\u00a0del Sistema Operativo seg\u00fan la necesidad del cliente.<\/span><\/p><p class=\"MsoListParagraphCxSpMiddle\" style=\"margin-bottom: .0001pt; mso-add-space: auto; text-indent: -18.0pt; line-height: normal; mso-list: l0 level1 lfo1;\"><!-- [if !supportLists]--><span style=\"font-size: 12.0pt; font-family: Wingdings; mso-fareast-font-family: Wingdings; mso-bidi-font-family: Wingdings; mso-fareast-language: ES-MX;\">\u00fc<span style=\"font-variant-numeric: normal; font-variant-east-asian: normal; font-variant-alternates: normal; font-kerning: auto; font-optical-sizing: auto; font-feature-settings: normal; font-variation-settings: normal; font-stretch: normal; font-size: 7pt; line-height: normal; font-family: 'Times New Roman';\">\u00a0 <\/span><\/span><!--[endif]--><span style=\"font-size: 12.0pt; font-family: 'Times New Roman',serif; mso-fareast-font-family: 'Times New Roman'; mso-fareast-language: ES-MX;\">Fallas de Sistemas o Programas.<\/span><\/p><p class=\"MsoListParagraphCxSpMiddle\" style=\"margin-bottom: .0001pt; mso-add-space: auto; text-indent: -18.0pt; line-height: normal; mso-list: l0 level1 lfo1;\"><!-- [if !supportLists]--><span style=\"font-size: 12.0pt; font-family: Wingdings; mso-fareast-font-family: Wingdings; mso-bidi-font-family: Wingdings; mso-fareast-language: ES-MX;\">\u00fc<span style=\"font-variant-numeric: normal; font-variant-east-asian: normal; font-variant-alternates: normal; font-kerning: auto; font-optical-sizing: auto; font-feature-settings: normal; font-variation-settings: normal; font-stretch: normal; font-size: 7pt; line-height: normal; font-family: 'Times New Roman';\">\u00a0 <\/span><\/span><!--[endif]--><span style=\"font-size: 12.0pt; font-family: 'Times New Roman',serif; mso-fareast-font-family: 'Times New Roman'; mso-fareast-language: ES-MX;\">Respaldos y\/o Recuperaci\u00f3n de\u00a0Informaci\u00f3n.<\/span><\/p><p class=\"MsoListParagraphCxSpMiddle\" style=\"margin-bottom: .0001pt; mso-add-space: auto; text-indent: -18.0pt; line-height: normal; mso-list: l0 level1 lfo1;\"><span style=\"font-size: 12.0pt; font-family: 'Times New Roman',serif; mso-fareast-font-family: 'Times New Roman'; mso-fareast-language: ES-MX;\">\u00a0<\/span><\/p><p class=\"MsoListParagraphCxSpMiddle\" style=\"margin-bottom: 0.0001pt; text-indent: -18pt; line-height: normal; background-image: initial; background-position: initial; background-size: initial; background-repeat: initial; background-attachment: initial; background-origin: initial; background-clip: initial; vertical-align: baseline;\"><span style=\"font-size: 12pt;\"><span style=\"font-family: Wingdings;\">\u00a0 \u00a0<\/span><\/span><span style=\"font-size: 12.0pt; font-family: 'Times New Roman',serif; mso-fareast-font-family: 'Times New Roman'; mso-fareast-language: ES-MX;\">Hardware<\/span><\/p><p class=\"MsoListParagraphCxSpMiddle\" style=\"margin-bottom: .0001pt; mso-add-space: auto; text-indent: -18.0pt; line-height: normal; mso-list: l0 level1 lfo1;\"><!-- [if !supportLists]--><span style=\"font-size: 12.0pt; font-family: Wingdings; mso-fareast-font-family: Wingdings; mso-bidi-font-family: Wingdings; mso-fareast-language: ES-MX;\">\u00fc<span style=\"font-variant-numeric: normal; font-variant-east-asian: normal; font-variant-alternates: normal; font-kerning: auto; font-optical-sizing: auto; font-feature-settings: normal; font-variation-settings: normal; font-stretch: normal; font-size: 7pt; line-height: normal; font-family: 'Times New Roman';\">\u00a0 <\/span><\/span><!--[endif]--><span style=\"font-size: 12.0pt; font-family: 'Times New Roman',serif; mso-fareast-font-family: 'Times New Roman'; mso-fareast-language: ES-MX;\">Reemplazo de tarjetas madre, discos duros, memoria ram, procesadores etc\u2026<\/span><\/p><p>\u00a0<\/p><p class=\"MsoListParagraphCxSpLast\" style=\"margin-bottom: .0001pt; mso-add-space: auto; text-indent: -18.0pt; line-height: normal; mso-list: l0 level1 lfo1;\"><!-- [if !supportLists]--><span style=\"font-size: 12.0pt; font-family: Wingdings; mso-fareast-font-family: Wingdings; mso-bidi-font-family: Wingdings; mso-fareast-language: ES-MX;\">\u00fc<span style=\"font-variant-numeric: normal; font-variant-east-asian: normal; font-variant-alternates: normal; font-kerning: auto; font-optical-sizing: auto; font-feature-settings: normal; font-variation-settings: normal; font-stretch: normal; font-size: 7pt; line-height: normal; font-family: 'Times New Roman';\">\u00a0 <\/span><\/span><!--[endif]--><span style=\"font-size: 12.0pt; font-family: 'Times New Roman',serif; mso-fareast-font-family: 'Times New Roman'; mso-fareast-language: ES-MX;\">Reemplazo de pantallas, teclados,\u00a0bisagras, carcasas, etc\u2026<\/span><\/p>\t\t\t\t\t\t\t\t<\/div>\n\t\t\t\t\t<\/div>\n\t\t<\/div>\n\t\t\t\t\t<\/div>\n\t\t<\/section>\n\t\t\t\t<section class=\"elementor-section elementor-top-section elementor-element elementor-element-eb13fbb elementor-section-boxed elementor-section-height-default elementor-section-height-default\" data-id=\"eb13fbb\" data-element_type=\"section\">\n\t\t\t\t\t\t<div class=\"elementor-container elementor-column-gap-default\">\n\t\t\t\t\t<div class=\"elementor-column elementor-col-100 elementor-top-column elementor-element elementor-element-9202fad\" data-id=\"9202fad\" data-element_type=\"column\">\n\t\t\t<div class=\"elementor-widget-wrap elementor-element-populated\">\n\t\t\t\t\t\t<div class=\"elementor-element elementor-element-122a466 elementor-widget elementor-widget-image\" data-id=\"122a466\" data-element_type=\"widget\" data-widget_type=\"image.default\">\n\t\t\t\t\t\t\t\t\t\t\t\t\t\t\t<img decoding=\"async\" width=\"150\" height=\"150\" data-src=\"https:\/\/grupomaspaq.com\/blog\/wp-content\/uploads\/2023\/07\/png-transparent-computer-icons-computer-repair-technician-laptop-technical-support-computer-hardware-maintenance-electronics-service-computer-1-150x150.png\" class=\"attachment-thumbnail size-thumbnail wp-image-1041 lazyload\" alt=\"\" data-srcset=\"https:\/\/grupomaspaq.com\/blog\/wp-content\/uploads\/2023\/07\/png-transparent-computer-icons-computer-repair-technician-laptop-technical-support-computer-hardware-maintenance-electronics-service-computer-1-150x150.png 150w, https:\/\/grupomaspaq.com\/blog\/wp-content\/uploads\/2023\/07\/png-transparent-computer-icons-computer-repair-technician-laptop-technical-support-computer-hardware-maintenance-electronics-service-computer-1-300x300.png 300w, https:\/\/grupomaspaq.com\/blog\/wp-content\/uploads\/2023\/07\/png-transparent-computer-icons-computer-repair-technician-laptop-technical-support-computer-hardware-maintenance-electronics-service-computer-1-768x768.png 768w, https:\/\/grupomaspaq.com\/blog\/wp-content\/uploads\/2023\/07\/png-transparent-computer-icons-computer-repair-technician-laptop-technical-support-computer-hardware-maintenance-electronics-service-computer-1-120x120.png 120w, https:\/\/grupomaspaq.com\/blog\/wp-content\/uploads\/2023\/07\/png-transparent-computer-icons-computer-repair-technician-laptop-technical-support-computer-hardware-maintenance-electronics-service-computer-1.png 920w\" data-sizes=\"(max-width: 150px) 100vw, 150px\" src=\"data:image\/gif;base64,R0lGODlhAQABAAAAACH5BAEKAAEALAAAAAABAAEAAAICTAEAOw==\" style=\"--smush-placeholder-width: 150px; --smush-placeholder-aspect-ratio: 150\/150;\" \/>\t\t\t\t\t\t\t\t\t\t\t\t\t\t\t<\/div>\n\t\t\t\t\t<\/div>\n\t\t<\/div>\n\t\t\t\t\t<\/div>\n\t\t<\/section>\n\t\t\t\t<\/div>\n\t\t<!-- AddThis Advanced Settings generic via filter on the_content --><!-- AddThis Share Buttons generic via filter on the_content -->","protected":false},"excerpt":{"rendered":"<p>Reparaci\u00f3n de Computadoras. En Grupo MasPAQ te ofrecemos reparaci\u00f3n de equipos de c\u00f3mputo en general (PC, Laptops, Mac, etc).\u00a0 \u00a0 Adem\u00e1s te ofrecemos reparaci\u00f3n especializada a nivel componente lo\u00a0cual implica una reducci\u00f3n de costos para el cliente. Reparaciones enfocadas a: \u00a0 Software \u00fc\u00a0 Restauraci\u00f3n y\/o reinstalaci\u00f3n\u00a0del Sistema Operativo seg\u00fan la necesidad del cliente. \u00fc\u00a0 Fallas [&hellip;]<!-- AddThis Advanced Settings generic via filter on get_the_excerpt --><!-- AddThis Share Buttons generic via filter on get_the_excerpt --><\/p>\n","protected":false},"author":1,"featured_media":0,"parent":0,"menu_order":0,"comment_status":"closed","ping_status":"closed","template":"","meta":{"_bbp_topic_count":0,"_bbp_reply_count":0,"_bbp_total_topic_count":0,"_bbp_total_reply_count":0,"_bbp_voice_count":0,"_bbp_anonymous_reply_count":0,"_bbp_topic_count_hidden":0,"_bbp_reply_count_hidden":0,"_bbp_forum_subforum_count":0,"footnotes":""},"class_list":["post-1035","page","type-page","status-publish","hentry"],"yoast_head":"<!-- This site is optimized with the Yoast SEO plugin v24.5 - https:\/\/yoast.com\/wordpress\/plugins\/seo\/ -->\n<title>Reparaci\u00f3n de Computadoras - Blog Grupo Maspaq<\/title>\n<meta name=\"description\" content=\"Reparaci\u00f3n de Computadoras. En Grupo MasPAQ te ofrecemos reparaci\u00f3n de equipos de c\u00f3mputo en general (PC, Laptops, Mac, etc).\u00a0\u00a0Adem\u00e1s te ofrecemos\" \/>\n<meta name=\"robots\" content=\"index, follow, max-snippet:-1, max-image-preview:large, max-video-preview:-1\" \/>\n<link rel=\"canonical\" href=\"https:\/\/grupomaspaq.com\/blog\/reparacion-de-computadoras\/\" \/>\n<meta property=\"og:locale\" content=\"es_ES\" \/>\n<meta property=\"og:type\" content=\"article\" \/>\n<meta property=\"og:title\" content=\"Reparaci\u00f3n de Computadoras - Blog Grupo Maspaq\" \/>\n<meta property=\"og:description\" content=\"Reparaci\u00f3n de Computadoras. En Grupo MasPAQ te ofrecemos reparaci\u00f3n de equipos de c\u00f3mputo en general (PC, Laptops, Mac, etc).\u00a0\u00a0Adem\u00e1s te ofrecemos\" \/>\n<meta property=\"og:url\" content=\"https:\/\/grupomaspaq.com\/blog\/reparacion-de-computadoras\/\" \/>\n<meta property=\"og:site_name\" content=\"Tienda Oficial Grupo MasPAQ\" \/>\n<meta property=\"article:modified_time\" content=\"2023-07-07T02:08:11+00:00\" \/>\n<meta property=\"og:image\" content=\"https:\/\/grupomaspaq.com\/blog\/wp-content\/uploads\/2023\/07\/Reparacion_PC-grupo-maspaq-300x300.jpg\" \/>\n<meta name=\"twitter:card\" content=\"summary_large_image\" \/>\n<meta name=\"twitter:label1\" content=\"Tiempo de lectura\" \/>\n\t<meta name=\"twitter:data1\" content=\"1 minuto\" \/>\n<script type=\"application\/ld+json\" class=\"yoast-schema-graph\">{\"@context\":\"https:\/\/schema.org\",\"@graph\":[{\"@type\":\"WebPage\",\"@id\":\"https:\/\/grupomaspaq.com\/blog\/reparacion-de-computadoras\/\",\"url\":\"https:\/\/grupomaspaq.com\/blog\/reparacion-de-computadoras\/\",\"name\":\"Reparaci\u00f3n de Computadoras - Blog Grupo Maspaq\",\"isPartOf\":{\"@id\":\"https:\/\/grupomaspaq.com\/blog\/#website\"},\"primaryImageOfPage\":{\"@id\":\"https:\/\/grupomaspaq.com\/blog\/reparacion-de-computadoras\/#primaryimage\"},\"image\":{\"@id\":\"https:\/\/grupomaspaq.com\/blog\/reparacion-de-computadoras\/#primaryimage\"},\"thumbnailUrl\":\"https:\/\/grupomaspaq.com\/blog\/wp-content\/uploads\/2023\/07\/Reparacion_PC-grupo-maspaq-300x300.jpg\",\"datePublished\":\"2023-07-07T01:58:23+00:00\",\"dateModified\":\"2023-07-07T02:08:11+00:00\",\"description\":\"Reparaci\u00f3n de Computadoras. En Grupo MasPAQ te ofrecemos reparaci\u00f3n de equipos de c\u00f3mputo en general (PC, Laptops, Mac, etc).\u00a0\u00a0Adem\u00e1s te ofrecemos\",\"breadcrumb\":{\"@id\":\"https:\/\/grupomaspaq.com\/blog\/reparacion-de-computadoras\/#breadcrumb\"},\"inLanguage\":\"es\",\"potentialAction\":[{\"@type\":\"ReadAction\",\"target\":[\"https:\/\/grupomaspaq.com\/blog\/reparacion-de-computadoras\/\"]}]},{\"@type\":\"ImageObject\",\"inLanguage\":\"es\",\"@id\":\"https:\/\/grupomaspaq.com\/blog\/reparacion-de-computadoras\/#primaryimage\",\"url\":\"https:\/\/grupomaspaq.com\/blog\/wp-content\/uploads\/2023\/07\/Reparacion_PC-grupo-maspaq.jpg\",\"contentUrl\":\"https:\/\/grupomaspaq.com\/blog\/wp-content\/uploads\/2023\/07\/Reparacion_PC-grupo-maspaq.jpg\",\"width\":950,\"height\":950,\"caption\":\"REparacion de computadoras laptops grupo maspaq\"},{\"@type\":\"BreadcrumbList\",\"@id\":\"https:\/\/grupomaspaq.com\/blog\/reparacion-de-computadoras\/#breadcrumb\",\"itemListElement\":[{\"@type\":\"ListItem\",\"position\":1,\"name\":\"Portada\",\"item\":\"https:\/\/grupomaspaq.com\/blog\/\"},{\"@type\":\"ListItem\",\"position\":2,\"name\":\"Reparaci\u00f3n de Computadoras\"}]},{\"@type\":\"WebSite\",\"@id\":\"https:\/\/grupomaspaq.com\/blog\/#website\",\"url\":\"https:\/\/grupomaspaq.com\/blog\/\",\"name\":\"Tienda Oficial Grupo MasPAQ\",\"description\":\"Productos y Servicios de Contpaqi, Soft Restaurant, Computo y m\u00e1s.\",\"publisher\":{\"@id\":\"https:\/\/grupomaspaq.com\/blog\/#organization\"},\"potentialAction\":[{\"@type\":\"SearchAction\",\"target\":{\"@type\":\"EntryPoint\",\"urlTemplate\":\"https:\/\/grupomaspaq.com\/blog\/?s={search_term_string}\"},\"query-input\":{\"@type\":\"PropertyValueSpecification\",\"valueRequired\":true,\"valueName\":\"search_term_string\"}}],\"inLanguage\":\"es\"},{\"@type\":\"Organization\",\"@id\":\"https:\/\/grupomaspaq.com\/blog\/#organization\",\"name\":\"Tienda Oficial Grupo MasPAQ\",\"url\":\"https:\/\/grupomaspaq.com\/blog\/\",\"logo\":{\"@type\":\"ImageObject\",\"inLanguage\":\"es\",\"@id\":\"https:\/\/grupomaspaq.com\/blog\/#\/schema\/logo\/image\/\",\"url\":\"https:\/\/grupomaspaq.com\/blog\/wp-content\/uploads\/2023\/02\/cropped-logo-grupo-maspaq-512-x-512.jpg\",\"contentUrl\":\"https:\/\/grupomaspaq.com\/blog\/wp-content\/uploads\/2023\/02\/cropped-logo-grupo-maspaq-512-x-512.jpg\",\"width\":512,\"height\":512,\"caption\":\"Tienda Oficial Grupo MasPAQ\"},\"image\":{\"@id\":\"https:\/\/grupomaspaq.com\/blog\/#\/schema\/logo\/image\/\"}}]}<\/script>\n<!-- \/ Yoast SEO plugin. -->","yoast_head_json":{"title":"Reparaci\u00f3n de Computadoras - Blog Grupo Maspaq","description":"Reparaci\u00f3n de Computadoras. En Grupo MasPAQ te ofrecemos reparaci\u00f3n de equipos de c\u00f3mputo en general (PC, Laptops, Mac, etc).\u00a0\u00a0Adem\u00e1s te ofrecemos","robots":{"index":"index","follow":"follow","max-snippet":"max-snippet:-1","max-image-preview":"max-image-preview:large","max-video-preview":"max-video-preview:-1"},"canonical":"https:\/\/grupomaspaq.com\/blog\/reparacion-de-computadoras\/","og_locale":"es_ES","og_type":"article","og_title":"Reparaci\u00f3n de Computadoras - Blog Grupo Maspaq","og_description":"Reparaci\u00f3n de Computadoras. En Grupo MasPAQ te ofrecemos reparaci\u00f3n de equipos de c\u00f3mputo en general (PC, Laptops, Mac, etc).\u00a0\u00a0Adem\u00e1s te ofrecemos","og_url":"https:\/\/grupomaspaq.com\/blog\/reparacion-de-computadoras\/","og_site_name":"Tienda Oficial Grupo MasPAQ","article_modified_time":"2023-07-07T02:08:11+00:00","og_image":[{"url":"https:\/\/grupomaspaq.com\/blog\/wp-content\/uploads\/2023\/07\/Reparacion_PC-grupo-maspaq-300x300.jpg","type":"","width":"","height":""}],"twitter_card":"summary_large_image","twitter_misc":{"Tiempo de lectura":"1 minuto"},"schema":{"@context":"https:\/\/schema.org","@graph":[{"@type":"WebPage","@id":"https:\/\/grupomaspaq.com\/blog\/reparacion-de-computadoras\/","url":"https:\/\/grupomaspaq.com\/blog\/reparacion-de-computadoras\/","name":"Reparaci\u00f3n de Computadoras - Blog Grupo Maspaq","isPartOf":{"@id":"https:\/\/grupomaspaq.com\/blog\/#website"},"primaryImageOfPage":{"@id":"https:\/\/grupomaspaq.com\/blog\/reparacion-de-computadoras\/#primaryimage"},"image":{"@id":"https:\/\/grupomaspaq.com\/blog\/reparacion-de-computadoras\/#primaryimage"},"thumbnailUrl":"https:\/\/grupomaspaq.com\/blog\/wp-content\/uploads\/2023\/07\/Reparacion_PC-grupo-maspaq-300x300.jpg","datePublished":"2023-07-07T01:58:23+00:00","dateModified":"2023-07-07T02:08:11+00:00","description":"Reparaci\u00f3n de Computadoras. En Grupo MasPAQ te ofrecemos reparaci\u00f3n de equipos de c\u00f3mputo en general (PC, Laptops, Mac, etc).\u00a0\u00a0Adem\u00e1s te ofrecemos","breadcrumb":{"@id":"https:\/\/grupomaspaq.com\/blog\/reparacion-de-computadoras\/#breadcrumb"},"inLanguage":"es","potentialAction":[{"@type":"ReadAction","target":["https:\/\/grupomaspaq.com\/blog\/reparacion-de-computadoras\/"]}]},{"@type":"ImageObject","inLanguage":"es","@id":"https:\/\/grupomaspaq.com\/blog\/reparacion-de-computadoras\/#primaryimage","url":"https:\/\/grupomaspaq.com\/blog\/wp-content\/uploads\/2023\/07\/Reparacion_PC-grupo-maspaq.jpg","contentUrl":"https:\/\/grupomaspaq.com\/blog\/wp-content\/uploads\/2023\/07\/Reparacion_PC-grupo-maspaq.jpg","width":950,"height":950,"caption":"REparacion de computadoras laptops grupo maspaq"},{"@type":"BreadcrumbList","@id":"https:\/\/grupomaspaq.com\/blog\/reparacion-de-computadoras\/#breadcrumb","itemListElement":[{"@type":"ListItem","position":1,"name":"Portada","item":"https:\/\/grupomaspaq.com\/blog\/"},{"@type":"ListItem","position":2,"name":"Reparaci\u00f3n de Computadoras"}]},{"@type":"WebSite","@id":"https:\/\/grupomaspaq.com\/blog\/#website","url":"https:\/\/grupomaspaq.com\/blog\/","name":"Tienda Oficial Grupo MasPAQ","description":"Productos y Servicios de Contpaqi, Soft Restaurant, Computo y m\u00e1s.","publisher":{"@id":"https:\/\/grupomaspaq.com\/blog\/#organization"},"potentialAction":[{"@type":"SearchAction","target":{"@type":"EntryPoint","urlTemplate":"https:\/\/grupomaspaq.com\/blog\/?s={search_term_string}"},"query-input":{"@type":"PropertyValueSpecification","valueRequired":true,"valueName":"search_term_string"}}],"inLanguage":"es"},{"@type":"Organization","@id":"https:\/\/grupomaspaq.com\/blog\/#organization","name":"Tienda Oficial Grupo MasPAQ","url":"https:\/\/grupomaspaq.com\/blog\/","logo":{"@type":"ImageObject","inLanguage":"es","@id":"https:\/\/grupomaspaq.com\/blog\/#\/schema\/logo\/image\/","url":"https:\/\/grupomaspaq.com\/blog\/wp-content\/uploads\/2023\/02\/cropped-logo-grupo-maspaq-512-x-512.jpg","contentUrl":"https:\/\/grupomaspaq.com\/blog\/wp-content\/uploads\/2023\/02\/cropped-logo-grupo-maspaq-512-x-512.jpg","width":512,"height":512,"caption":"Tienda Oficial Grupo MasPAQ"},"image":{"@id":"https:\/\/grupomaspaq.com\/blog\/#\/schema\/logo\/image\/"}}]}},"_links":{"self":[{"href":"https:\/\/grupomaspaq.com\/blog\/wp-json\/wp\/v2\/pages\/1035","targetHints":{"allow":["GET"]}}],"collection":[{"href":"https:\/\/grupomaspaq.com\/blog\/wp-json\/wp\/v2\/pages"}],"about":[{"href":"https:\/\/grupomaspaq.com\/blog\/wp-json\/wp\/v2\/types\/page"}],"author":[{"embeddable":true,"href":"https:\/\/grupomaspaq.com\/blog\/wp-json\/wp\/v2\/users\/1"}],"replies":[{"embeddable":true,"href":"https:\/\/grupomaspaq.com\/blog\/wp-json\/wp\/v2\/comments?post=1035"}],"version-history":[{"count":25,"href":"https:\/\/grupomaspaq.com\/blog\/wp-json\/wp\/v2\/pages\/1035\/revisions"}],"predecessor-version":[{"id":1068,"href":"https:\/\/grupomaspaq.com\/blog\/wp-json\/wp\/v2\/pages\/1035\/revisions\/1068"}],"wp:attachment":[{"href":"https:\/\/grupomaspaq.com\/blog\/wp-json\/wp\/v2\/media?parent=1035"}],"curies":[{"name":"wp","href":"https:\/\/api.w.org\/{rel}","templated":true}]}}