{"id":1021,"date":"2023-07-06T19:14:05","date_gmt":"2023-07-07T01:14:05","guid":{"rendered":"https:\/\/grupomaspaq.com\/blog\/?page_id=1021"},"modified":"2023-07-06T19:25:49","modified_gmt":"2023-07-07T01:25:49","slug":"productos-y-servicios-grupo-maspaq","status":"publish","type":"page","link":"https:\/\/grupomaspaq.com\/blog\/productos-y-servicios-grupo-maspaq\/","title":{"rendered":"PRODUCTOS Y SERVICIOS"},"content":{"rendered":"\t\t<div data-elementor-type=\"wp-page\" data-elementor-id=\"1021\" class=\"elementor elementor-1021\">\n\t\t\t\t\t\t<section class=\"elementor-section elementor-top-section elementor-element elementor-element-b23ce57 elementor-section-boxed elementor-section-height-default elementor-section-height-default\" data-id=\"b23ce57\" data-element_type=\"section\">\n\t\t\t\t\t\t<div class=\"elementor-container elementor-column-gap-default\">\n\t\t\t\t\t<div class=\"elementor-column elementor-col-100 elementor-top-column elementor-element elementor-element-4965598\" data-id=\"4965598\" data-element_type=\"column\">\n\t\t\t<div class=\"elementor-widget-wrap elementor-element-populated\">\n\t\t\t\t\t\t<div class=\"elementor-element elementor-element-a0ff25f elementor-widget elementor-widget-text-editor\" data-id=\"a0ff25f\" data-element_type=\"widget\" data-widget_type=\"text-editor.default\">\n\t\t\t\t\t\t\t\t\t<p style=\"margin-top:0cm;margin-right:0cm;margin-bottom:15.0pt;margin-left: 0cm;vertical-align:baseline\">Grupo MasPAQ te ofrece soluciones integrales de comunicaci\u00f3n y pone a tu disposici\u00f3n nuevas alternativas para optimizar, incrementar y hacer cumplir los objetivos de tu empresa.<o:p><\/o:p><\/p>\n<p style=\"margin-top:0cm;margin-right:0cm;margin-bottom:15.0pt;margin-left: 0cm;vertical-align:baseline\">Telefon\u00eda y Datos:<br>Diademas, chicharos, accesorios de audio Bluetooth \u00ae y dem\u00e1s art\u00edculos que proporcionar\u00e1n mayor eficiencia, seguridad y comodidad en el manejo de tus equipos de comunicaci\u00f3n.<o:p><\/o:p><\/p>\n<p style=\"margin-top:0cm;margin-right:0cm;margin-bottom:15.0pt;margin-left: 0cm;vertical-align:baseline\">Enlaces punto a punto:<\/p>\n<p style=\"margin-top:0cm;margin-right:0cm;margin-bottom:15.0pt;margin-left: 0cm;vertical-align:baseline\">Enlaces wireless de Banda Ancha Punto a Multipunto y Punto a Punto para la&nbsp;transmisi\u00f3n de Voz\/Videos\/Datos inal\u00e1mbrica a kil\u00f3metros de distancia&nbsp;&nbsp;<\/p>\n<p style=\"margin-top:0cm;margin-right:0cm;margin-bottom:15.0pt;margin-left: 0cm;vertical-align:baseline\">Excelente Herramienta para empresas en donde se requiere concentrar puntos de enlace en un solo servidor.<o:p><\/o:p><\/p>\n<p style=\"margin-top:0cm;margin-right:0cm;margin-bottom:15.0pt;margin-left: 0cm;vertical-align:baseline\">Sistemas CCTV<br>Contamos con las mejores c\u00e1maras a B&amp;N y color de alta resoluci\u00f3n: C\u00e1maras para exteriores, interiores, monitores y DVR, todo para la seguridad de tu negocio y hogar.<o:p><\/o:p><\/p>\n<p style=\"margin-top:0cm;margin-right:0cm;margin-bottom:15.0pt;margin-left: 0cm;vertical-align:baseline\">Asesor\u00eda y capacitaci\u00f3n de nuestros productos y servicios.<\/p>\n<p style=\"margin-top:0cm;margin-right:0cm;margin-bottom:15.0pt;margin-left: 0cm;vertical-align:baseline\">Tenga la seguridad que obtendr\u00e1 este valor impl\u00edcito al ser socio de nuestra empresa.<\/p>\n<p style=\"margin-top:0cm;margin-right:0cm;margin-bottom:15.0pt;margin-left: 0cm;vertical-align:baseline\"><o:p><\/o:p><\/p>\t\t\t\t\t\t\t\t<\/div>\n\t\t\t\t<div class=\"elementor-element elementor-element-ac15d48 elementor-widget elementor-widget-image\" data-id=\"ac15d48\" data-element_type=\"widget\" data-widget_type=\"image.default\">\n\t\t\t\t\t\t\t\t\t\t\t\t\t\t\t<img fetchpriority=\"high\" decoding=\"async\" width=\"640\" height=\"243\" src=\"https:\/\/grupomaspaq.com\/blog\/wp-content\/uploads\/2023\/07\/imagengrupopaq-1500-768x291.jpg\" class=\"attachment-medium_large size-medium_large wp-image-1024\" alt=\"Ideas de grupo maspaq\" srcset=\"https:\/\/grupomaspaq.com\/blog\/wp-content\/uploads\/2023\/07\/imagengrupopaq-1500-768x291.jpg 768w, https:\/\/grupomaspaq.com\/blog\/wp-content\/uploads\/2023\/07\/imagengrupopaq-1500-300x114.jpg 300w, https:\/\/grupomaspaq.com\/blog\/wp-content\/uploads\/2023\/07\/imagengrupopaq-1500-1024x388.jpg 1024w, https:\/\/grupomaspaq.com\/blog\/wp-content\/uploads\/2023\/07\/imagengrupopaq-1500.jpg 1500w\" sizes=\"(max-width: 640px) 100vw, 640px\" \/>\t\t\t\t\t\t\t\t\t\t\t\t\t\t\t<\/div>\n\t\t\t\t\t<\/div>\n\t\t<\/div>\n\t\t\t\t\t<\/div>\n\t\t<\/section>\n\t\t\t\t<\/div>\n\t\t<!-- AddThis Advanced Settings generic via filter on the_content --><!-- AddThis Share Buttons generic via filter on the_content -->","protected":false},"excerpt":{"rendered":"<p><!-- AddThis Advanced Settings generic via filter on get_the_excerpt --><!-- AddThis Share Buttons generic via filter on get_the_excerpt --><\/p>\n","protected":false},"author":1,"featured_media":0,"parent":0,"menu_order":0,"comment_status":"closed","ping_status":"closed","template":"","meta":{"_bbp_topic_count":0,"_bbp_reply_count":0,"_bbp_total_topic_count":0,"_bbp_total_reply_count":0,"_bbp_voice_count":0,"_bbp_anonymous_reply_count":0,"_bbp_topic_count_hidden":0,"_bbp_reply_count_hidden":0,"_bbp_forum_subforum_count":0,"footnotes":""},"class_list":["post-1021","page","type-page","status-publish","hentry"],"yoast_head":"<!-- This site is optimized with the Yoast SEO plugin v24.5 - https:\/\/yoast.com\/wordpress\/plugins\/seo\/ -->\n<title>PRODUCTOS Y SERVICIOS - Blog Grupo Maspaq<\/title>\n<meta name=\"robots\" content=\"index, follow, max-snippet:-1, max-image-preview:large, max-video-preview:-1\" \/>\n<link rel=\"canonical\" href=\"https:\/\/grupomaspaq.com\/blog\/productos-y-servicios-grupo-maspaq\/\" \/>\n<meta property=\"og:locale\" content=\"es_ES\" \/>\n<meta property=\"og:type\" content=\"article\" \/>\n<meta property=\"og:title\" content=\"PRODUCTOS Y SERVICIOS - Blog Grupo Maspaq\" \/>\n<meta property=\"og:url\" content=\"https:\/\/grupomaspaq.com\/blog\/productos-y-servicios-grupo-maspaq\/\" \/>\n<meta property=\"og:site_name\" content=\"Tienda Oficial Grupo MasPAQ\" \/>\n<meta property=\"article:modified_time\" content=\"2023-07-07T01:25:49+00:00\" \/>\n<meta name=\"twitter:card\" content=\"summary_large_image\" \/>\n<meta name=\"twitter:label1\" content=\"Tiempo de lectura\" \/>\n\t<meta name=\"twitter:data1\" content=\"1 minuto\" \/>\n<script type=\"application\/ld+json\" class=\"yoast-schema-graph\">{\"@context\":\"https:\/\/schema.org\",\"@graph\":[{\"@type\":\"WebPage\",\"@id\":\"https:\/\/grupomaspaq.com\/blog\/productos-y-servicios-grupo-maspaq\/\",\"url\":\"https:\/\/grupomaspaq.com\/blog\/productos-y-servicios-grupo-maspaq\/\",\"name\":\"PRODUCTOS Y SERVICIOS - Blog Grupo Maspaq\",\"isPartOf\":{\"@id\":\"https:\/\/grupomaspaq.com\/blog\/#website\"},\"datePublished\":\"2023-07-07T01:14:05+00:00\",\"dateModified\":\"2023-07-07T01:25:49+00:00\",\"breadcrumb\":{\"@id\":\"https:\/\/grupomaspaq.com\/blog\/productos-y-servicios-grupo-maspaq\/#breadcrumb\"},\"inLanguage\":\"es\",\"potentialAction\":[{\"@type\":\"ReadAction\",\"target\":[\"https:\/\/grupomaspaq.com\/blog\/productos-y-servicios-grupo-maspaq\/\"]}]},{\"@type\":\"BreadcrumbList\",\"@id\":\"https:\/\/grupomaspaq.com\/blog\/productos-y-servicios-grupo-maspaq\/#breadcrumb\",\"itemListElement\":[{\"@type\":\"ListItem\",\"position\":1,\"name\":\"Portada\",\"item\":\"https:\/\/grupomaspaq.com\/blog\/\"},{\"@type\":\"ListItem\",\"position\":2,\"name\":\"PRODUCTOS Y SERVICIOS\"}]},{\"@type\":\"WebSite\",\"@id\":\"https:\/\/grupomaspaq.com\/blog\/#website\",\"url\":\"https:\/\/grupomaspaq.com\/blog\/\",\"name\":\"Tienda Oficial Grupo MasPAQ\",\"description\":\"Productos y Servicios de Contpaqi, Soft Restaurant, Computo y m\u00e1s.\",\"publisher\":{\"@id\":\"https:\/\/grupomaspaq.com\/blog\/#organization\"},\"potentialAction\":[{\"@type\":\"SearchAction\",\"target\":{\"@type\":\"EntryPoint\",\"urlTemplate\":\"https:\/\/grupomaspaq.com\/blog\/?s={search_term_string}\"},\"query-input\":{\"@type\":\"PropertyValueSpecification\",\"valueRequired\":true,\"valueName\":\"search_term_string\"}}],\"inLanguage\":\"es\"},{\"@type\":\"Organization\",\"@id\":\"https:\/\/grupomaspaq.com\/blog\/#organization\",\"name\":\"Tienda Oficial Grupo MasPAQ\",\"url\":\"https:\/\/grupomaspaq.com\/blog\/\",\"logo\":{\"@type\":\"ImageObject\",\"inLanguage\":\"es\",\"@id\":\"https:\/\/grupomaspaq.com\/blog\/#\/schema\/logo\/image\/\",\"url\":\"https:\/\/grupomaspaq.com\/blog\/wp-content\/uploads\/2023\/02\/cropped-logo-grupo-maspaq-512-x-512.jpg\",\"contentUrl\":\"https:\/\/grupomaspaq.com\/blog\/wp-content\/uploads\/2023\/02\/cropped-logo-grupo-maspaq-512-x-512.jpg\",\"width\":512,\"height\":512,\"caption\":\"Tienda Oficial Grupo MasPAQ\"},\"image\":{\"@id\":\"https:\/\/grupomaspaq.com\/blog\/#\/schema\/logo\/image\/\"}}]}<\/script>\n<!-- \/ Yoast SEO plugin. -->","yoast_head_json":{"title":"PRODUCTOS Y SERVICIOS - Blog Grupo Maspaq","robots":{"index":"index","follow":"follow","max-snippet":"max-snippet:-1","max-image-preview":"max-image-preview:large","max-video-preview":"max-video-preview:-1"},"canonical":"https:\/\/grupomaspaq.com\/blog\/productos-y-servicios-grupo-maspaq\/","og_locale":"es_ES","og_type":"article","og_title":"PRODUCTOS Y SERVICIOS - Blog Grupo Maspaq","og_url":"https:\/\/grupomaspaq.com\/blog\/productos-y-servicios-grupo-maspaq\/","og_site_name":"Tienda Oficial Grupo MasPAQ","article_modified_time":"2023-07-07T01:25:49+00:00","twitter_card":"summary_large_image","twitter_misc":{"Tiempo de lectura":"1 minuto"},"schema":{"@context":"https:\/\/schema.org","@graph":[{"@type":"WebPage","@id":"https:\/\/grupomaspaq.com\/blog\/productos-y-servicios-grupo-maspaq\/","url":"https:\/\/grupomaspaq.com\/blog\/productos-y-servicios-grupo-maspaq\/","name":"PRODUCTOS Y SERVICIOS - Blog Grupo Maspaq","isPartOf":{"@id":"https:\/\/grupomaspaq.com\/blog\/#website"},"datePublished":"2023-07-07T01:14:05+00:00","dateModified":"2023-07-07T01:25:49+00:00","breadcrumb":{"@id":"https:\/\/grupomaspaq.com\/blog\/productos-y-servicios-grupo-maspaq\/#breadcrumb"},"inLanguage":"es","potentialAction":[{"@type":"ReadAction","target":["https:\/\/grupomaspaq.com\/blog\/productos-y-servicios-grupo-maspaq\/"]}]},{"@type":"BreadcrumbList","@id":"https:\/\/grupomaspaq.com\/blog\/productos-y-servicios-grupo-maspaq\/#breadcrumb","itemListElement":[{"@type":"ListItem","position":1,"name":"Portada","item":"https:\/\/grupomaspaq.com\/blog\/"},{"@type":"ListItem","position":2,"name":"PRODUCTOS Y SERVICIOS"}]},{"@type":"WebSite","@id":"https:\/\/grupomaspaq.com\/blog\/#website","url":"https:\/\/grupomaspaq.com\/blog\/","name":"Tienda Oficial Grupo MasPAQ","description":"Productos y Servicios de Contpaqi, Soft Restaurant, Computo y m\u00e1s.","publisher":{"@id":"https:\/\/grupomaspaq.com\/blog\/#organization"},"potentialAction":[{"@type":"SearchAction","target":{"@type":"EntryPoint","urlTemplate":"https:\/\/grupomaspaq.com\/blog\/?s={search_term_string}"},"query-input":{"@type":"PropertyValueSpecification","valueRequired":true,"valueName":"search_term_string"}}],"inLanguage":"es"},{"@type":"Organization","@id":"https:\/\/grupomaspaq.com\/blog\/#organization","name":"Tienda Oficial Grupo MasPAQ","url":"https:\/\/grupomaspaq.com\/blog\/","logo":{"@type":"ImageObject","inLanguage":"es","@id":"https:\/\/grupomaspaq.com\/blog\/#\/schema\/logo\/image\/","url":"https:\/\/grupomaspaq.com\/blog\/wp-content\/uploads\/2023\/02\/cropped-logo-grupo-maspaq-512-x-512.jpg","contentUrl":"https:\/\/grupomaspaq.com\/blog\/wp-content\/uploads\/2023\/02\/cropped-logo-grupo-maspaq-512-x-512.jpg","width":512,"height":512,"caption":"Tienda Oficial Grupo MasPAQ"},"image":{"@id":"https:\/\/grupomaspaq.com\/blog\/#\/schema\/logo\/image\/"}}]}},"_links":{"self":[{"href":"https:\/\/grupomaspaq.com\/blog\/wp-json\/wp\/v2\/pages\/1021","targetHints":{"allow":["GET"]}}],"collection":[{"href":"https:\/\/grupomaspaq.com\/blog\/wp-json\/wp\/v2\/pages"}],"about":[{"href":"https:\/\/grupomaspaq.com\/blog\/wp-json\/wp\/v2\/types\/page"}],"author":[{"embeddable":true,"href":"https:\/\/grupomaspaq.com\/blog\/wp-json\/wp\/v2\/users\/1"}],"replies":[{"embeddable":true,"href":"https:\/\/grupomaspaq.com\/blog\/wp-json\/wp\/v2\/comments?post=1021"}],"version-history":[{"count":9,"href":"https:\/\/grupomaspaq.com\/blog\/wp-json\/wp\/v2\/pages\/1021\/revisions"}],"predecessor-version":[{"id":1033,"href":"https:\/\/grupomaspaq.com\/blog\/wp-json\/wp\/v2\/pages\/1021\/revisions\/1033"}],"wp:attachment":[{"href":"https:\/\/grupomaspaq.com\/blog\/wp-json\/wp\/v2\/media?parent=1021"}],"curies":[{"name":"wp","href":"https:\/\/api.w.org\/{rel}","templated":true}]}}